{"id":840,"date":"2024-01-02T08:24:19","date_gmt":"2024-01-02T08:24:19","guid":{"rendered":"https:\/\/www.decisivesystem.com\/?page_id=840"},"modified":"2024-07-01T07:49:58","modified_gmt":"2024-07-01T07:49:58","slug":"diagnostic","status":"publish","type":"page","link":"https:\/\/www.decisivesystem.com\/fr\/solutions\/strategic-diagnostic\/diagnostic\/","title":{"rendered":"Diagnostic"},"content":{"rendered":"<div data-elementor-type=\"wp-page\" data-elementor-id=\"840\" class=\"elementor elementor-840\" data-elementor-post-type=\"page\">\n\t\t\t\t\t\t<section class=\"elementor-section elementor-top-section elementor-element elementor-element-4bd7768 elementor-section-boxed elementor-section-height-default elementor-section-height-default\" data-id=\"4bd7768\" data-element_type=\"section\">\n\t\t\t\t\t\t<div class=\"elementor-container elementor-column-gap-default\">\n\t\t\t\t\t<div class=\"elementor-column elementor-col-100 elementor-top-column elementor-element elementor-element-1e1f428\" data-id=\"1e1f428\" data-element_type=\"column\">\n\t\t\t<div class=\"elementor-widget-wrap elementor-element-populated\">\n\t\t\t\t\t\t<div class=\"elementor-element elementor-element-96ed5e6 elementor-widget elementor-widget-image\" data-id=\"96ed5e6\" data-element_type=\"widget\" data-widget_type=\"image.default\">\n\t\t\t\t<div class=\"elementor-widget-container\">\n\t\t\t\t\t\t\t\t\t\t\t\t\t<img decoding=\"async\" width=\"120\" height=\"120\" src=\"https:\/\/www.decisivesystem.com\/wp-content\/uploads\/model_diagnostic.png\" class=\"attachment-large size-large wp-image-863\" alt=\"\" srcset=\"https:\/\/www.decisivesystem.com\/wp-content\/uploads\/model_diagnostic.png 120w, https:\/\/www.decisivesystem.com\/wp-content\/uploads\/model_diagnostic-12x12.png 12w\" sizes=\"(max-width: 120px) 100vw, 120px\" \/>\t\t\t\t\t\t\t\t\t\t\t\t\t<\/div>\n\t\t\t\t<\/div>\n\t\t\t\t\t<\/div>\n\t\t<\/div>\n\t\t\t\t\t<\/div>\n\t\t<\/section>\n\t\t\t\t<section class=\"elementor-section elementor-top-section elementor-element elementor-element-30a9679 elementor-section-boxed elementor-section-height-default elementor-section-height-default\" data-id=\"30a9679\" data-element_type=\"section\">\n\t\t\t\t\t\t<div class=\"elementor-container elementor-column-gap-default\">\n\t\t\t\t\t<div class=\"elementor-column elementor-col-100 elementor-top-column elementor-element elementor-element-8e34c53\" data-id=\"8e34c53\" data-element_type=\"column\">\n\t\t\t<div class=\"elementor-widget-wrap elementor-element-populated\">\n\t\t\t\t\t\t<div class=\"elementor-element elementor-element-ea20623 elementor-blockquote--skin-quotation elementor-blockquote--align-center elementor-blockquote--button-color-official elementor-widget elementor-widget-blockquote\" data-id=\"ea20623\" data-element_type=\"widget\" data-widget_type=\"blockquote.default\">\n\t\t\t\t<div class=\"elementor-widget-container\">\n\t\t\t\t\t<blockquote class=\"elementor-blockquote\">\n\t\t\t<p class=\"elementor-blockquote__content\">\n\t\t\t\tL'analyse approfondie de la base de donn\u00e9es par DECISIVE SYSTEM est une v\u00e9ritable mine d'or. Elle nous permet de mieux comprendre et segmenter nos donateurs, optimisant ainsi nos strat\u00e9gies de collecte de fonds et notre rentabilit\u00e9.\t\t\t<\/p>\n\t\t\t\t\t\t\t<div class=\"e-q-footer\">\n\t\t\t\t\t\t\t\t\t\t\t<cite class=\"elementor-blockquote__author\">Emilie Duquesnay, directrice de client\u00e8le, Hopening<\/cite>\n\t\t\t\t\t\t\t\t\t\t\t\t\t\t<\/div>\n\t\t\t\t\t<\/blockquote>\n\t\t\t\t<\/div>\n\t\t\t\t<\/div>\n\t\t\t\t<div class=\"elementor-element elementor-element-7ccc20d elementor-widget elementor-widget-spacer\" data-id=\"7ccc20d\" data-element_type=\"widget\" data-widget_type=\"spacer.default\">\n\t\t\t\t<div class=\"elementor-widget-container\">\n\t\t\t\t\t<div class=\"elementor-spacer\">\n\t\t\t<div class=\"elementor-spacer-inner\"><\/div>\n\t\t<\/div>\n\t\t\t\t<\/div>\n\t\t\t\t<\/div>\n\t\t\t\t<div class=\"elementor-element elementor-element-15f4b94 elementor-widget elementor-widget-text-editor\" data-id=\"15f4b94\" data-element_type=\"widget\" data-widget_type=\"text-editor.default\">\n\t\t\t\t<div class=\"elementor-widget-container\">\n\t\t\t\t\t\t\t<div class=\"flex flex-grow flex-col max-w-full\"><div class=\"min-h-[20px] text-message flex flex-col items-start gap-3 whitespace-pre-wrap break-words [.text-message+&amp;]:mt-5 overflow-x-auto\" data-message-author-role=\"assistant\" data-message-id=\"5367b348-e7ce-4ccb-82c6-999419098913\"><div class=\"markdown prose w-full break-words dark:prose-invert light\"><p>Pour les collecteurs de fonds, une bonne compr\u00e9hension de leur base de donn\u00e9es de donateurs leur permet d'identifier les tendances, les opportunit\u00e9s et les domaines \u00e0 am\u00e9liorer, ce qui permet de mieux cibler et de mieux r\u00e9ussir les campagnes et les efforts de collecte de fonds.<\/p><\/div><\/div><\/div>\t\t\t\t\t\t<\/div>\n\t\t\t\t<\/div>\n\t\t\t\t<div class=\"elementor-element elementor-element-629bad3 elementor-widget elementor-widget-text-editor\" data-id=\"629bad3\" data-element_type=\"widget\" data-widget_type=\"text-editor.default\">\n\t\t\t\t<div class=\"elementor-widget-container\">\n\t\t\t\t\t\t\t<p>Mais au-del\u00e0 des r\u00e9sultats des campagnes et des tendances annuelles, la plupart des \u00e9quipes de collecte de fonds n'ont ni le temps ni les ressources n\u00e9cessaires pour prendre du recul et examiner en d\u00e9tail les comportements des donateurs. Les donateurs r\u00e9activ\u00e9s sont-ils plus ou moins g\u00e9n\u00e9reux que les donateurs nouvellement acquis ? Combien de donateurs ont un rythme annuel ou trimestriel ? Est-il difficile d'engager les donateurs s'ils ne se r\u00e9engagent pas dans les 12 mois \u00e0 venir ?<\/p>\t\t\t\t\t\t<\/div>\n\t\t\t\t<\/div>\n\t\t\t\t<div class=\"elementor-element elementor-element-aeccf5f elementor-widget elementor-widget-text-editor\" data-id=\"aeccf5f\" data-element_type=\"widget\" data-widget_type=\"text-editor.default\">\n\t\t\t\t<div class=\"elementor-widget-container\">\n\t\t\t\t\t\t\t<p>Notre rapport de diagnostic, qui fait partie de notre <a href=\"https:\/\/www.decisivesystem.com\/fr\/solutions\/strategic-diagnostic\/\">diagnostic strat\u00e9gique<\/a> (\u00e9galement incluse dans l'offre de <a href=\"https:\/\/www.decisivesystem.com\/fr\/solutions\/decisive-system-360\/\">Decisive System 360\u00b0<\/a>) analyse les tendances \u00e0 long terme, met en lumi\u00e8re d'\u00e9ventuelles opportunit\u00e9s et ouvre la voie \u00e0 des analyses plus approfondies de votre base de donn\u00e9es de donateurs.<\/p>\t\t\t\t\t\t<\/div>\n\t\t\t\t<\/div>\n\t\t\t\t<section class=\"elementor-section elementor-inner-section elementor-element elementor-element-7784009 elementor-section-boxed elementor-section-height-default elementor-section-height-default\" data-id=\"7784009\" data-element_type=\"section\">\n\t\t\t\t\t\t<div class=\"elementor-container elementor-column-gap-default\">\n\t\t\t\t\t<div class=\"elementor-column elementor-col-50 elementor-inner-column elementor-element elementor-element-5c45ab5\" data-id=\"5c45ab5\" data-element_type=\"column\">\n\t\t\t<div class=\"elementor-widget-wrap elementor-element-populated\">\n\t\t\t\t\t\t<div class=\"elementor-element elementor-element-770bdb6 elementor-widget elementor-widget-image\" data-id=\"770bdb6\" data-element_type=\"widget\" data-widget_type=\"image.default\">\n\t\t\t\t<div class=\"elementor-widget-container\">\n\t\t\t\t\t\t\t\t\t\t\t\t\t<img fetchpriority=\"high\" decoding=\"async\" width=\"800\" height=\"571\" src=\"https:\/\/www.decisivesystem.com\/wp-content\/uploads\/diagnostic_recency-1024x731.png\" class=\"attachment-large size-large wp-image-865\" alt=\"\" srcset=\"https:\/\/www.decisivesystem.com\/wp-content\/uploads\/diagnostic_recency-1024x731.png 1024w, https:\/\/www.decisivesystem.com\/wp-content\/uploads\/diagnostic_recency-300x214.png 300w, https:\/\/www.decisivesystem.com\/wp-content\/uploads\/diagnostic_recency-768x549.png 768w, https:\/\/www.decisivesystem.com\/wp-content\/uploads\/diagnostic_recency-18x12.png 18w, https:\/\/www.decisivesystem.com\/wp-content\/uploads\/diagnostic_recency.png 1260w\" sizes=\"(max-width: 800px) 100vw, 800px\" \/>\t\t\t\t\t\t\t\t\t\t\t\t\t<\/div>\n\t\t\t\t<\/div>\n\t\t\t\t\t<\/div>\n\t\t<\/div>\n\t\t\t\t<div class=\"elementor-column elementor-col-50 elementor-inner-column elementor-element elementor-element-df3b8a1\" data-id=\"df3b8a1\" data-element_type=\"column\">\n\t\t\t<div class=\"elementor-widget-wrap elementor-element-populated\">\n\t\t\t\t\t\t<div class=\"elementor-element elementor-element-c540787 elementor-widget elementor-widget-image\" data-id=\"c540787\" data-element_type=\"widget\" data-widget_type=\"image.default\">\n\t\t\t\t<div class=\"elementor-widget-container\">\n\t\t\t\t\t\t\t\t\t\t\t\t\t<img decoding=\"async\" width=\"800\" height=\"571\" src=\"https:\/\/www.decisivesystem.com\/wp-content\/uploads\/diagnostic_amount-1024x731.png\" class=\"attachment-large size-large wp-image-866\" alt=\"\" srcset=\"https:\/\/www.decisivesystem.com\/wp-content\/uploads\/diagnostic_amount-1024x731.png 1024w, https:\/\/www.decisivesystem.com\/wp-content\/uploads\/diagnostic_amount-300x214.png 300w, https:\/\/www.decisivesystem.com\/wp-content\/uploads\/diagnostic_amount-768x549.png 768w, https:\/\/www.decisivesystem.com\/wp-content\/uploads\/diagnostic_amount-18x12.png 18w, https:\/\/www.decisivesystem.com\/wp-content\/uploads\/diagnostic_amount.png 1260w\" sizes=\"(max-width: 800px) 100vw, 800px\" \/>\t\t\t\t\t\t\t\t\t\t\t\t\t<\/div>\n\t\t\t\t<\/div>\n\t\t\t\t\t<\/div>\n\t\t<\/div>\n\t\t\t\t\t<\/div>\n\t\t<\/section>\n\t\t\t\t\t<\/div>\n\t\t<\/div>\n\t\t\t\t\t<\/div>\n\t\t<\/section>\n\t\t\t\t<\/div>","protected":false},"excerpt":{"rendered":"<p>L'analyse approfondie de la base de donn\u00e9es par DECISIVE SYSTEM est une v\u00e9ritable mine d'or. Elle nous permet de mieux comprendre et segmenter nos donateurs, optimisant ainsi nos strat\u00e9gies de collecte de fonds et notre rentabilit\u00e9. Emilie Duquesnay, Directrice de client\u00e8le, Hopening Pour les collecteurs de fonds, avoir une compr\u00e9hension claire de leur base de donn\u00e9es de donateurs leur permet d'identifier les tendances, les opportunit\u00e9s et les domaines n\u00e9cessitant une am\u00e9lioration, ce qui conduit \u00e0 plus de [...]<\/p>","protected":false},"author":1,"featured_media":0,"parent":410,"menu_order":1,"comment_status":"closed","ping_status":"closed","template":"","meta":{"footnotes":""},"class_list":["post-840","page","type-page","status-publish","hentry"],"_links":{"self":[{"href":"https:\/\/www.decisivesystem.com\/fr\/wp-json\/wp\/v2\/pages\/840","targetHints":{"allow":["GET"]}}],"collection":[{"href":"https:\/\/www.decisivesystem.com\/fr\/wp-json\/wp\/v2\/pages"}],"about":[{"href":"https:\/\/www.decisivesystem.com\/fr\/wp-json\/wp\/v2\/types\/page"}],"author":[{"embeddable":true,"href":"https:\/\/www.decisivesystem.com\/fr\/wp-json\/wp\/v2\/users\/1"}],"replies":[{"embeddable":true,"href":"https:\/\/www.decisivesystem.com\/fr\/wp-json\/wp\/v2\/comments?post=840"}],"version-history":[{"count":13,"href":"https:\/\/www.decisivesystem.com\/fr\/wp-json\/wp\/v2\/pages\/840\/revisions"}],"predecessor-version":[{"id":994,"href":"https:\/\/www.decisivesystem.com\/fr\/wp-json\/wp\/v2\/pages\/840\/revisions\/994"}],"up":[{"embeddable":true,"href":"https:\/\/www.decisivesystem.com\/fr\/wp-json\/wp\/v2\/pages\/410"}],"wp:attachment":[{"href":"https:\/\/www.decisivesystem.com\/fr\/wp-json\/wp\/v2\/media?parent=840"}],"curies":[{"name":"wp","href":"https:\/\/api.w.org\/{rel}","templated":true}]}}