{"id":829,"date":"2023-12-31T11:38:19","date_gmt":"2023-12-31T11:38:19","guid":{"rendered":"https:\/\/www.decisivesystem.com\/?page_id=829"},"modified":"2024-09-16T08:26:18","modified_gmt":"2024-09-16T08:26:18","slug":"lifetime-value","status":"publish","type":"page","link":"https:\/\/www.decisivesystem.com\/fr\/solutions\/strategic-diagnostic\/lifetime-value\/","title":{"rendered":"Analyse de la lifetime value"},"content":{"rendered":"<div data-elementor-type=\"wp-page\" data-elementor-id=\"829\" class=\"elementor elementor-829\" data-elementor-post-type=\"page\">\n\t\t\t\t\t\t<section class=\"elementor-section elementor-top-section elementor-element elementor-element-4bd7768 elementor-section-boxed elementor-section-height-default elementor-section-height-default\" data-id=\"4bd7768\" data-element_type=\"section\">\n\t\t\t\t\t\t<div class=\"elementor-container elementor-column-gap-default\">\n\t\t\t\t\t<div class=\"elementor-column elementor-col-100 elementor-top-column elementor-element elementor-element-1e1f428\" data-id=\"1e1f428\" data-element_type=\"column\">\n\t\t\t<div class=\"elementor-widget-wrap elementor-element-populated\">\n\t\t\t\t\t\t<div class=\"elementor-element elementor-element-96ed5e6 elementor-widget elementor-widget-image\" data-id=\"96ed5e6\" data-element_type=\"widget\" data-widget_type=\"image.default\">\n\t\t\t\t<div class=\"elementor-widget-container\">\n\t\t\t\t\t\t\t\t\t\t\t\t\t<img decoding=\"async\" width=\"120\" height=\"120\" src=\"https:\/\/www.decisivesystem.com\/wp-content\/uploads\/model_lifetime.png\" class=\"attachment-large size-large wp-image-185\" alt=\"\" \/>\t\t\t\t\t\t\t\t\t\t\t\t\t<\/div>\n\t\t\t\t<\/div>\n\t\t\t\t\t<\/div>\n\t\t<\/div>\n\t\t\t\t\t<\/div>\n\t\t<\/section>\n\t\t\t\t<section class=\"elementor-section elementor-top-section elementor-element elementor-element-22ced65 elementor-section-boxed elementor-section-height-default elementor-section-height-default\" data-id=\"22ced65\" data-element_type=\"section\">\n\t\t\t\t\t\t<div class=\"elementor-container elementor-column-gap-default\">\n\t\t\t\t\t<div class=\"elementor-column elementor-col-100 elementor-top-column elementor-element elementor-element-d4ca3c4\" data-id=\"d4ca3c4\" data-element_type=\"column\">\n\t\t\t<div class=\"elementor-widget-wrap elementor-element-populated\">\n\t\t\t\t\t\t<div class=\"elementor-element elementor-element-7e769f9 elementor-widget elementor-widget-spacer\" data-id=\"7e769f9\" data-element_type=\"widget\" data-widget_type=\"spacer.default\">\n\t\t\t\t<div class=\"elementor-widget-container\">\n\t\t\t\t\t<div class=\"elementor-spacer\">\n\t\t\t<div class=\"elementor-spacer-inner\"><\/div>\n\t\t<\/div>\n\t\t\t\t<\/div>\n\t\t\t\t<\/div>\n\t\t\t\t\t<\/div>\n\t\t<\/div>\n\t\t\t\t\t<\/div>\n\t\t<\/section>\n\t\t\t\t<section class=\"elementor-section elementor-top-section elementor-element elementor-element-029851e elementor-section-boxed elementor-section-height-default elementor-section-height-default\" data-id=\"029851e\" data-element_type=\"section\">\n\t\t\t\t\t\t<div class=\"elementor-container elementor-column-gap-default\">\n\t\t\t\t\t<div class=\"elementor-column elementor-col-100 elementor-top-column elementor-element elementor-element-327b6d3\" data-id=\"327b6d3\" data-element_type=\"column\">\n\t\t\t<div class=\"elementor-widget-wrap elementor-element-populated\">\n\t\t\t\t\t\t<div class=\"elementor-element elementor-element-89cfca6 elementor-widget elementor-widget-text-editor\" data-id=\"89cfca6\" data-element_type=\"widget\" data-widget_type=\"text-editor.default\">\n\t\t\t\t<div class=\"elementor-widget-container\">\n\t\t\t\t\t\t\t<p>Vous faites tout ce qu'il faut. Les bons messages. Le bon moment. Le bon ton. Et pourtant, vous n'obtenez pas les r\u00e9sultats escompt\u00e9s. Pourquoi ?<\/p><p>Et si c'\u00e9tait aussi simple que de ne pas s'adresser aux bonnes personnes ?<\/p><p>Si un responsable de la collecte de fonds ne concentre pas ses efforts de recrutement sur les meilleurs canaux et sources d'acquisition possibles, c'est comme verser de l'essence de mauvaise qualit\u00e9 dans un moteur. Vous pouvez avoir le meilleur moteur du monde, cela ne suffira pas.<\/p><p>Avec l'analyse de la valeur de la dur\u00e9e de vie (qui fait partie de notre <a href=\"https:\/\/www.decisivesystem.com\/fr\/solutions\/strategic-diagnostic\/\">diagnostic strat\u00e9gique<\/a> que ce soit en tant qu'\u00e9tude autonome ou dans le cadre d'un programme d'\u00e9tudes. <a href=\"https:\/\/www.decisivesystem.com\/fr\/solutions\/decisive-system-360\/\">Decisive System 360\u00b0<\/a>), nous allons au-del\u00e0 des r\u00e9sultats \u00e0 court terme et du retour sur investissement des campagnes d'acquisition et nous nous concentrons sur ce que deviennent les donateurs nouvellement acquis une fois qu'ils sont dans votre base de donn\u00e9es. Et les diff\u00e9rences peuvent \u00eatre stup\u00e9fiantes. De plus, les performances \u00e0 long terme ne sont pas syst\u00e9matiquement corr\u00e9l\u00e9es aux r\u00e9sultats \u00e0 court terme. En d'autres termes, les canaux et les sources qui fonctionnent le mieux \u00e0 court terme sont rarement ceux qui garantissent la plus forte croissance et la plus grande fid\u00e9lit\u00e9 \u00e0 long terme. En d'autres termes, si vos efforts d'acquisition sont optimis\u00e9s en fonction des r\u00e9sultats \u00e0 court terme, vous risquez fort de mettre de l'essence de mauvaise qualit\u00e9 dans votre moteur en ce moment m\u00eame...<\/p><p>Mais en identifiant la valeur r\u00e9elle de chaque source d'acquisition (canal, offres, \u00e9changes de listes, location de listes), vous pouvez d\u00e9terminer pr\u00e9cis\u00e9ment o\u00f9 investir vos efforts d'acquisition pour \u00e9quilibrer en toute connaissance de cause la croissance \u00e0 long terme et les performances \u00e0 court terme.<\/p>\t\t\t\t\t\t<\/div>\n\t\t\t\t<\/div>\n\t\t\t\t<div class=\"elementor-element elementor-element-50fbace elementor-widget elementor-widget-image\" data-id=\"50fbace\" data-element_type=\"widget\" data-widget_type=\"image.default\">\n\t\t\t\t<div class=\"elementor-widget-container\">\n\t\t\t\t\t\t\t\t\t\t\t\t\t<img fetchpriority=\"high\" decoding=\"async\" width=\"1406\" height=\"1005\" src=\"https:\/\/www.decisivesystem.com\/wp-content\/uploads\/lifetime_illustration.png\" class=\"attachment-full size-full wp-image-883\" alt=\"\" srcset=\"https:\/\/www.decisivesystem.com\/wp-content\/uploads\/lifetime_illustration.png 1406w, https:\/\/www.decisivesystem.com\/wp-content\/uploads\/lifetime_illustration-300x214.png 300w, https:\/\/www.decisivesystem.com\/wp-content\/uploads\/lifetime_illustration-1024x732.png 1024w, https:\/\/www.decisivesystem.com\/wp-content\/uploads\/lifetime_illustration-768x549.png 768w, https:\/\/www.decisivesystem.com\/wp-content\/uploads\/lifetime_illustration-18x12.png 18w\" sizes=\"(max-width: 1406px) 100vw, 1406px\" \/>\t\t\t\t\t\t\t\t\t\t\t\t\t<\/div>\n\t\t\t\t<\/div>\n\t\t\t\t<div class=\"elementor-element elementor-element-4a61ff3 elementor-widget elementor-widget-text-editor\" data-id=\"4a61ff3\" data-element_type=\"widget\" data-widget_type=\"text-editor.default\">\n\t\t\t\t<div class=\"elementor-widget-container\">\n\t\t\t\t\t\t\t<p>La g\u00e9n\u00e9rosit\u00e9 et la fid\u00e9lit\u00e9 \u00e0 long terme des donateurs en fonction de leurs sources d'acquisition.<\/p>\t\t\t\t\t\t<\/div>\n\t\t\t\t<\/div>\n\t\t\t\t\t<\/div>\n\t\t<\/div>\n\t\t\t\t\t<\/div>\n\t\t<\/section>\n\t\t\t\t<\/div>","protected":false},"excerpt":{"rendered":"<p>Vous faites tout ce qu'il faut. Les bons messages. Le bon moment. Le bon ton. Et pourtant, vous n'obtenez pas les r\u00e9sultats escompt\u00e9s. Pourquoi ? Et si c'\u00e9tait aussi simple que de ne pas s'adresser aux bonnes personnes ? Si un responsable de la collecte de fonds ne concentre pas ses efforts de recrutement sur les meilleurs canaux d'acquisition [...]<\/p>","protected":false},"author":1,"featured_media":0,"parent":410,"menu_order":4,"comment_status":"closed","ping_status":"closed","template":"","meta":{"footnotes":""},"class_list":["post-829","page","type-page","status-publish","hentry"],"_links":{"self":[{"href":"https:\/\/www.decisivesystem.com\/fr\/wp-json\/wp\/v2\/pages\/829","targetHints":{"allow":["GET"]}}],"collection":[{"href":"https:\/\/www.decisivesystem.com\/fr\/wp-json\/wp\/v2\/pages"}],"about":[{"href":"https:\/\/www.decisivesystem.com\/fr\/wp-json\/wp\/v2\/types\/page"}],"author":[{"embeddable":true,"href":"https:\/\/www.decisivesystem.com\/fr\/wp-json\/wp\/v2\/users\/1"}],"replies":[{"embeddable":true,"href":"https:\/\/www.decisivesystem.com\/fr\/wp-json\/wp\/v2\/comments?post=829"}],"version-history":[{"count":13,"href":"https:\/\/www.decisivesystem.com\/fr\/wp-json\/wp\/v2\/pages\/829\/revisions"}],"predecessor-version":[{"id":1341,"href":"https:\/\/www.decisivesystem.com\/fr\/wp-json\/wp\/v2\/pages\/829\/revisions\/1341"}],"up":[{"embeddable":true,"href":"https:\/\/www.decisivesystem.com\/fr\/wp-json\/wp\/v2\/pages\/410"}],"wp:attachment":[{"href":"https:\/\/www.decisivesystem.com\/fr\/wp-json\/wp\/v2\/media?parent=829"}],"curies":[{"name":"wp","href":"https:\/\/api.w.org\/{rel}","templated":true}]}}