{"id":827,"date":"2023-12-31T11:39:42","date_gmt":"2023-12-31T11:39:42","guid":{"rendered":"https:\/\/www.decisivesystem.com\/?page_id=827"},"modified":"2024-09-16T08:24:32","modified_gmt":"2024-09-16T08:24:32","slug":"loyalty","status":"publish","type":"page","link":"https:\/\/www.decisivesystem.com\/fr\/solutions\/strategic-diagnostic\/loyalty\/","title":{"rendered":"\u00c9tude de fid\u00e9lisation"},"content":{"rendered":"<div data-elementor-type=\"wp-page\" data-elementor-id=\"827\" class=\"elementor elementor-827\" data-elementor-post-type=\"page\">\n\t\t\t\t\t\t<section class=\"elementor-section elementor-top-section elementor-element elementor-element-4bd7768 elementor-section-boxed elementor-section-height-default elementor-section-height-default\" data-id=\"4bd7768\" data-element_type=\"section\">\n\t\t\t\t\t\t<div class=\"elementor-container elementor-column-gap-default\">\n\t\t\t\t\t<div class=\"elementor-column elementor-col-100 elementor-top-column elementor-element elementor-element-1e1f428\" data-id=\"1e1f428\" data-element_type=\"column\">\n\t\t\t<div class=\"elementor-widget-wrap elementor-element-populated\">\n\t\t\t\t\t\t<div class=\"elementor-element elementor-element-96ed5e6 elementor-widget elementor-widget-image\" data-id=\"96ed5e6\" data-element_type=\"widget\" data-widget_type=\"image.default\">\n\t\t\t\t<div class=\"elementor-widget-container\">\n\t\t\t\t\t\t\t\t\t\t\t\t\t<img decoding=\"async\" width=\"120\" height=\"120\" src=\"https:\/\/www.decisivesystem.com\/wp-content\/uploads\/model_loyalty.png\" class=\"attachment-large size-large wp-image-875\" alt=\"\" srcset=\"https:\/\/www.decisivesystem.com\/wp-content\/uploads\/model_loyalty.png 120w, https:\/\/www.decisivesystem.com\/wp-content\/uploads\/model_loyalty-12x12.png 12w\" sizes=\"(max-width: 120px) 100vw, 120px\" \/>\t\t\t\t\t\t\t\t\t\t\t\t\t<\/div>\n\t\t\t\t<\/div>\n\t\t\t\t\t<\/div>\n\t\t<\/div>\n\t\t\t\t\t<\/div>\n\t\t<\/section>\n\t\t\t\t<section class=\"elementor-section elementor-top-section elementor-element elementor-element-029851e elementor-section-boxed elementor-section-height-default elementor-section-height-default\" data-id=\"029851e\" data-element_type=\"section\">\n\t\t\t\t\t\t<div class=\"elementor-container elementor-column-gap-default\">\n\t\t\t\t\t<div class=\"elementor-column elementor-col-100 elementor-top-column elementor-element elementor-element-327b6d3\" data-id=\"327b6d3\" data-element_type=\"column\">\n\t\t\t<div class=\"elementor-widget-wrap elementor-element-populated\">\n\t\t\t\t\t\t<div class=\"elementor-element elementor-element-7d15148 elementor-blockquote--skin-quotation elementor-blockquote--align-center elementor-blockquote--button-color-official elementor-widget elementor-widget-blockquote\" data-id=\"7d15148\" data-element_type=\"widget\" data-widget_type=\"blockquote.default\">\n\t\t\t\t<div class=\"elementor-widget-container\">\n\t\t\t\t\t<blockquote class=\"elementor-blockquote\">\n\t\t\t<p class=\"elementor-blockquote__content\">\n\t\t\t\tL'analyse approfondie de la base de donn\u00e9es par DECISIVE SYSTEM est une v\u00e9ritable mine d'or. Elle nous permet de mieux comprendre et segmenter nos donateurs, optimisant ainsi nos strat\u00e9gies de collecte de fonds et notre rentabilit\u00e9.\t\t\t<\/p>\n\t\t\t\t\t\t\t<div class=\"e-q-footer\">\n\t\t\t\t\t\t\t\t\t\t\t<cite class=\"elementor-blockquote__author\">Emilie Duquesnay, directrice de client\u00e8le, Hopening<\/cite>\n\t\t\t\t\t\t\t\t\t\t\t\t\t\t<\/div>\n\t\t\t\t\t<\/blockquote>\n\t\t\t\t<\/div>\n\t\t\t\t<\/div>\n\t\t\t\t<div class=\"elementor-element elementor-element-c5c5e46 elementor-widget elementor-widget-spacer\" data-id=\"c5c5e46\" data-element_type=\"widget\" data-widget_type=\"spacer.default\">\n\t\t\t\t<div class=\"elementor-widget-container\">\n\t\t\t\t\t<div class=\"elementor-spacer\">\n\t\t\t<div class=\"elementor-spacer-inner\"><\/div>\n\t\t<\/div>\n\t\t\t\t<\/div>\n\t\t\t\t<\/div>\n\t\t\t\t<div class=\"elementor-element elementor-element-89cfca6 elementor-widget elementor-widget-text-editor\" data-id=\"89cfca6\" data-element_type=\"widget\" data-widget_type=\"text-editor.default\">\n\t\t\t\t<div class=\"elementor-widget-container\">\n\t\t\t\t\t\t\t<p>Votre base de donn\u00e9es de collecte de fonds est comme un seau qui fuit et que vous essayez constamment de remplir d'eau, et deux facteurs cl\u00e9s d\u00e9termineront votre succ\u00e8s \u00e0 long terme : votre capacit\u00e9 \u00e0 remplir le seau avec de plus en plus d'eau (par le biais d'acquisitions) et votre capacit\u00e9 \u00e0 limiter les fuites et les pertes (en encourageant la fid\u00e9lit\u00e9 des donateurs et en limitant la perte de donateurs et leur d\u00e9sint\u00e9r\u00eat au fil du temps).<\/p><p>Alors que le premier facteur (acquisition) est g\u00e9n\u00e9ralement mesur\u00e9 et suivi avec une grande pr\u00e9cision, une analyse fine du second facteur (fid\u00e9lisation) peut fournir des informations incroyablement utiles.<\/p><p>Chez DECISIVE SYSTEM, chaque fois que nous effectuons une <a href=\"https:\/\/www.decisivesystem.com\/fr\/solutions\/strategic-diagnostic\/\">diagnostic strat\u00e9gique<\/a> d'une base de donn\u00e9es de donateurs, nous portons toujours une attention particuli\u00e8re aux taux de fid\u00e9lisation : o\u00f9 ils se situent aujourd'hui, comment ils se comparent \u00e0 ceux d'organisations similaires ayant des caract\u00e9ristiques comparables, et comment ces taux ont \u00e9volu\u00e9 au cours des derni\u00e8res ann\u00e9es, ce qui nous permet d'identifier des tendances \u00e0 long terme qui pourraient passer inaper\u00e7ues dans d'autres circonstances.<\/p><p>Les taux de fid\u00e9lisation d\u00e9cevants peuvent \u00eatre attribu\u00e9s \u00e0 toute une s\u00e9rie de facteurs, chacun ayant des origines diff\u00e9rentes et des solutions parfaitement adapt\u00e9es \u00e0 mettre en place, qu'il s'agisse de la valeur d\u00e9cevante \u00e0 long terme des donateurs acquis par le biais de canaux ou d'offres sp\u00e9cifiques (cf. <a href=\"https:\/\/www.decisivesystem.com\/fr\/solutions\/strategic-diagnostic\/lifetime-value\/\">analyse de la valeur du cycle de vie<\/a>), le manque de synergies entre les diff\u00e9rents canaux hors ligne et en ligne (cf. <a href=\"https:\/\/www.decisivesystem.com\/fr\/solutions\/strategic-diagnostic\/multi-channel\/\">analyse multicanal<\/a>), ou un plan de sollicitation moins qu'optimal qui n'adapte pas correctement la pression marketing de votre organisation au v\u00e9ritable potentiel de chacun de vos sympathisants (cf. <a href=\"https:\/\/www.decisivesystem.com\/fr\/solutions\/scoring\/donor-potential\/\">l'\u00e9valuation du potentiel des donateurs<\/a>).<\/p>\t\t\t\t\t\t<\/div>\n\t\t\t\t<\/div>\n\t\t\t\t<div class=\"elementor-element elementor-element-a97ee0c elementor-widget elementor-widget-image\" data-id=\"a97ee0c\" data-element_type=\"widget\" data-widget_type=\"image.default\">\n\t\t\t\t<div class=\"elementor-widget-container\">\n\t\t\t\t\t\t\t\t\t\t\t\t\t<img fetchpriority=\"high\" decoding=\"async\" width=\"1260\" height=\"900\" src=\"https:\/\/www.decisivesystem.com\/wp-content\/uploads\/get-chart-1.png\" class=\"attachment-full size-full wp-image-877\" alt=\"\" srcset=\"https:\/\/www.decisivesystem.com\/wp-content\/uploads\/get-chart-1.png 1260w, https:\/\/www.decisivesystem.com\/wp-content\/uploads\/get-chart-1-300x214.png 300w, https:\/\/www.decisivesystem.com\/wp-content\/uploads\/get-chart-1-1024x731.png 1024w, https:\/\/www.decisivesystem.com\/wp-content\/uploads\/get-chart-1-768x549.png 768w, https:\/\/www.decisivesystem.com\/wp-content\/uploads\/get-chart-1-18x12.png 18w\" sizes=\"(max-width: 1260px) 100vw, 1260px\" \/>\t\t\t\t\t\t\t\t\t\t\t\t\t<\/div>\n\t\t\t\t<\/div>\n\t\t\t\t\t<\/div>\n\t\t<\/div>\n\t\t\t\t\t<\/div>\n\t\t<\/section>\n\t\t\t\t<\/div>","protected":false},"excerpt":{"rendered":"<p>L'analyse approfondie de la base de donn\u00e9es par DECISIVE SYSTEM est une v\u00e9ritable mine d'or. Elle nous permet de mieux comprendre et segmenter nos donateurs, optimisant ainsi nos strat\u00e9gies de collecte de fonds et notre rentabilit\u00e9. Emilie Duquesnay, Directrice de client\u00e8le, Hopening Votre base de donn\u00e9es de collecte de fonds est comme un seau qui fuit et que vous essayez constamment de remplir d'eau, et deux facteurs cl\u00e9s pr\u00e9disent votre [...]<\/p>","protected":false},"author":1,"featured_media":0,"parent":410,"menu_order":3,"comment_status":"closed","ping_status":"closed","template":"","meta":{"footnotes":""},"class_list":["post-827","page","type-page","status-publish","hentry"],"_links":{"self":[{"href":"https:\/\/www.decisivesystem.com\/fr\/wp-json\/wp\/v2\/pages\/827","targetHints":{"allow":["GET"]}}],"collection":[{"href":"https:\/\/www.decisivesystem.com\/fr\/wp-json\/wp\/v2\/pages"}],"about":[{"href":"https:\/\/www.decisivesystem.com\/fr\/wp-json\/wp\/v2\/types\/page"}],"author":[{"embeddable":true,"href":"https:\/\/www.decisivesystem.com\/fr\/wp-json\/wp\/v2\/users\/1"}],"replies":[{"embeddable":true,"href":"https:\/\/www.decisivesystem.com\/fr\/wp-json\/wp\/v2\/comments?post=827"}],"version-history":[{"count":13,"href":"https:\/\/www.decisivesystem.com\/fr\/wp-json\/wp\/v2\/pages\/827\/revisions"}],"predecessor-version":[{"id":1338,"href":"https:\/\/www.decisivesystem.com\/fr\/wp-json\/wp\/v2\/pages\/827\/revisions\/1338"}],"up":[{"embeddable":true,"href":"https:\/\/www.decisivesystem.com\/fr\/wp-json\/wp\/v2\/pages\/410"}],"wp:attachment":[{"href":"https:\/\/www.decisivesystem.com\/fr\/wp-json\/wp\/v2\/media?parent=827"}],"curies":[{"name":"wp","href":"https:\/\/api.w.org\/{rel}","templated":true}]}}