{"id":439,"date":"2023-09-25T08:45:32","date_gmt":"2023-09-25T08:45:32","guid":{"rendered":"https:\/\/www.decisivesystem.com\/?page_id=439"},"modified":"2024-09-16T08:35:25","modified_gmt":"2024-09-16T08:35:25","slug":"decisive-system-360","status":"publish","type":"page","link":"https:\/\/www.decisivesystem.com\/fr\/solutions\/decisive-system-360\/","title":{"rendered":"Decisive System 360\u00b0"},"content":{"rendered":"<div data-elementor-type=\"wp-page\" data-elementor-id=\"439\" class=\"elementor elementor-439\" data-elementor-post-type=\"page\">\n\t\t\t\t\t\t<section class=\"elementor-section elementor-top-section elementor-element elementor-element-4bd7768 elementor-section-boxed elementor-section-height-default elementor-section-height-default\" data-id=\"4bd7768\" data-element_type=\"section\">\n\t\t\t\t\t\t<div class=\"elementor-container elementor-column-gap-default\">\n\t\t\t\t\t<div class=\"elementor-column elementor-col-100 elementor-top-column elementor-element elementor-element-1e1f428\" data-id=\"1e1f428\" data-element_type=\"column\">\n\t\t\t<div class=\"elementor-widget-wrap elementor-element-populated\">\n\t\t\t\t\t\t<div class=\"elementor-element elementor-element-96ed5e6 elementor-widget elementor-widget-image\" data-id=\"96ed5e6\" data-element_type=\"widget\" data-widget_type=\"image.default\">\n\t\t\t\t<div class=\"elementor-widget-container\">\n\t\t\t\t\t\t\t\t\t\t\t\t\t<img decoding=\"async\" width=\"120\" height=\"120\" src=\"https:\/\/www.decisivesystem.com\/wp-content\/uploads\/model_360.png\" class=\"attachment-large size-large wp-image-916\" alt=\"\" srcset=\"https:\/\/www.decisivesystem.com\/wp-content\/uploads\/model_360.png 120w, https:\/\/www.decisivesystem.com\/wp-content\/uploads\/model_360-12x12.png 12w\" sizes=\"(max-width: 120px) 100vw, 120px\" \/>\t\t\t\t\t\t\t\t\t\t\t\t\t<\/div>\n\t\t\t\t<\/div>\n\t\t\t\t\t<\/div>\n\t\t<\/div>\n\t\t\t\t\t<\/div>\n\t\t<\/section>\n\t\t\t\t<section class=\"elementor-section elementor-top-section elementor-element elementor-element-22ced65 elementor-section-boxed elementor-section-height-default elementor-section-height-default\" data-id=\"22ced65\" data-element_type=\"section\">\n\t\t\t\t\t\t<div class=\"elementor-container elementor-column-gap-default\">\n\t\t\t\t\t<div class=\"elementor-column elementor-col-100 elementor-top-column elementor-element elementor-element-d4ca3c4\" data-id=\"d4ca3c4\" data-element_type=\"column\">\n\t\t\t<div class=\"elementor-widget-wrap elementor-element-populated\">\n\t\t\t\t\t\t<div class=\"elementor-element elementor-element-1a29ad6 elementor-blockquote--skin-quotation elementor-blockquote--align-center elementor-blockquote--button-color-official elementor-widget elementor-widget-blockquote\" data-id=\"1a29ad6\" data-element_type=\"widget\" data-widget_type=\"blockquote.default\">\n\t\t\t\t<div class=\"elementor-widget-container\">\n\t\t\t\t\t<blockquote class=\"elementor-blockquote\">\n\t\t\t<p class=\"elementor-blockquote__content\">\n\t\t\t\tDECISIVE SYSTEM 360\u00b0 nous permet d'envoyer les bons messages \u00e0 nos donateurs, \u00e0 la bonne fr\u00e9quence et au bon moment. Depuis que nous utilisons leur solution, nous avons am\u00e9lior\u00e9 nos r\u00e9sultats et la qualit\u00e9 de nos relations avec les donateurs.\t\t\t<\/p>\n\t\t\t\t\t\t\t<div class=\"e-q-footer\">\n\t\t\t\t\t\t\t\t\t\t\t<cite class=\"elementor-blockquote__author\">Sophie Maintenant, responsable marketing et innovation, Fondation de France<\/cite>\n\t\t\t\t\t\t\t\t\t\t\t\t\t\t<\/div>\n\t\t\t\t\t<\/blockquote>\n\t\t\t\t<\/div>\n\t\t\t\t<\/div>\n\t\t\t\t<div class=\"elementor-element elementor-element-7e769f9 elementor-widget elementor-widget-spacer\" data-id=\"7e769f9\" data-element_type=\"widget\" data-widget_type=\"spacer.default\">\n\t\t\t\t<div class=\"elementor-widget-container\">\n\t\t\t\t\t<div class=\"elementor-spacer\">\n\t\t\t<div class=\"elementor-spacer-inner\"><\/div>\n\t\t<\/div>\n\t\t\t\t<\/div>\n\t\t\t\t<\/div>\n\t\t\t\t<div class=\"elementor-element elementor-element-754686b elementor-widget elementor-widget-text-editor\" data-id=\"754686b\" data-element_type=\"widget\" data-widget_type=\"text-editor.default\">\n\t\t\t\t<div class=\"elementor-widget-container\">\n\t\t\t\t\t\t\t<p>Le machine learning, la mod\u00e9lisation pr\u00e9dictive et l'intelligence artificielle permettent aux organisations \u00e0 but non lucratif d'\u00eatre plus efficaces, plus pr\u00e9cises et plus rentables dans leurs interventions marketing. Mais en raison de la p\u00e9nurie de talents et des co\u00fbts \u00e9lev\u00e9s de ces solutions, peu d'organisations b\u00e9n\u00e9ficient encore aujourd'hui de ces formidables avanc\u00e9es.<\/p><p>Decisive System parvient \u00e0 r\u00e9duire les co\u00fbts des mod\u00e8les pr\u00e9dictifs en se concentrant enti\u00e8rement sur l'analyse de la collects de fonds et en automatisant un grand nombre de fonctions et de processus d\u00e9di\u00e9s. Nous travaillons constamment \u00e0 la rationalisation de ces processus afin de r\u00e9duire les co\u00fbts de mise en \u0153uvre et de rendre ces solutions plus abordables pour le secteur du fundraising. Aider les organisations \u00e0 but non lucratif n'est pas une pr\u00e9occupation secondaire pour nous. C'est notre coeur de m\u00e9tier, et notre seule pr\u00e9occupation.<\/p><p>En particulier, nous avons r\u00e9alis\u00e9 que l'une des parties les plus chronophages de tout processus d'analyse de donn\u00e9es est d'apprendre \u00e0 conna\u00eetre vos donn\u00e9es, la structure de votre base de donn\u00e9es, et votre organisation. La mont\u00e9e en puissance et la p\u00e9riode d'apprentissage (et les co\u00fbts fixes) sont les m\u00eames, que nous r\u00e9alisions un seul mod\u00e8le de score ou que nous vous aidions \u00e0 optimiser tous les aspects de votre collecte de fonds.<\/p><p>C'est pourquoi nous avons cr\u00e9\u00e9 <strong>Decisive System 360\u00b0<\/strong>: une solution simple, compl\u00e8te, disponible toute l'ann\u00e9e, dans laquelle nous investissons massivement pour conna\u00eetre vos donn\u00e9es et leur structure d\u00e8s le d\u00e9but de notre relation, automatiser les processus de transfert de donn\u00e9es et r\u00e9duire les co\u00fbts des op\u00e9rations futures. En bref, nous apprenons \u00e0 conna\u00eetre vos donn\u00e9es afin que vous puissiez utiliser nos services \u00e0 moindre co\u00fbt lorsque vous en aurez besoin, aussi souvent que vous en avez besoin, ce qui nous permet d'offrir un ensemble complet de solutions \u00e0 un prix d'abonnement annuel ultra-comp\u00e9titif.<\/p>\t\t\t\t\t\t<\/div>\n\t\t\t\t<\/div>\n\t\t\t\t<div class=\"elementor-element elementor-element-2427bd5 elementor-widget elementor-widget-image\" data-id=\"2427bd5\" data-element_type=\"widget\" data-widget_type=\"image.default\">\n\t\t\t\t<div class=\"elementor-widget-container\">\n\t\t\t\t\t\t\t\t\t\t\t\t\t<img decoding=\"async\" src=\"https:\/\/www.decisivesystem.com\/wp-content\/uploads\/elementor\/thumbs\/decisive_system_360-qm66wyubgr6wjndn7nnjyqa10lirnxeup0cqka2g7c.jpg\" title=\"syst\u00e8me_d\u00e9cisif_360\" alt=\"decisive_system_360\" loading=\"lazy\" \/>\t\t\t\t\t\t\t\t\t\t\t\t\t<\/div>\n\t\t\t\t<\/div>\n\t\t\t\t<section class=\"elementor-section elementor-inner-section elementor-element elementor-element-ac55bc4 elementor-section-boxed elementor-section-height-default elementor-section-height-default\" data-id=\"ac55bc4\" data-element_type=\"section\">\n\t\t\t\t\t\t<div class=\"elementor-container elementor-column-gap-default\">\n\t\t\t\t\t<div class=\"elementor-column elementor-col-50 elementor-inner-column elementor-element elementor-element-9192c72\" data-id=\"9192c72\" data-element_type=\"column\">\n\t\t\t<div class=\"elementor-widget-wrap elementor-element-populated\">\n\t\t\t\t\t\t<div class=\"elementor-element elementor-element-1e26532 elementor-widget elementor-widget-heading\" data-id=\"1e26532\" data-element_type=\"widget\" data-widget_type=\"heading.default\">\n\t\t\t\t<div class=\"elementor-widget-container\">\n\t\t\t<h4 class=\"elementor-heading-title elementor-size-default\">DIAGNOSTIC STRAT\u00c9GIQUE<\/h4>\t\t<\/div>\n\t\t\t\t<\/div>\n\t\t\t\t<div class=\"elementor-element elementor-element-0084de0 elementor-widget elementor-widget-text-editor\" data-id=\"0084de0\" data-element_type=\"widget\" data-widget_type=\"text-editor.default\">\n\t\t\t\t<div class=\"elementor-widget-container\">\n\t\t\t\t\t\t\t<p>Analyse approfondie et diagnostic strat\u00e9gique de la collecte de fonds (lifetime value, segmentation, fid\u00e9lisation, multicanal, etc.) [<a href=\"https:\/\/www.decisivesystem.com\/fr\/solutions\/strategic-diagnostic\/\">en savoir plus<\/a>]<\/p>\t\t\t\t\t\t<\/div>\n\t\t\t\t<\/div>\n\t\t\t\t<div class=\"elementor-element elementor-element-56507bc elementor-widget elementor-widget-heading\" data-id=\"56507bc\" data-element_type=\"widget\" data-widget_type=\"heading.default\">\n\t\t\t\t<div class=\"elementor-widget-container\">\n\t\t\t<h4 class=\"elementor-heading-title elementor-size-default\">SCORING POTENTIEL DONATEUR<\/h4>\t\t<\/div>\n\t\t\t\t<\/div>\n\t\t\t\t<div class=\"elementor-element elementor-element-4b27f0f elementor-widget elementor-widget-text-editor\" data-id=\"4b27f0f\" data-element_type=\"widget\" data-widget_type=\"text-editor.default\">\n\t\t\t\t<div class=\"elementor-widget-container\">\n\t\t\t\t\t\t\t<p>Pr\u00e9diction du potentiel de chaque donateur et optimisation de la pression marketing individualis\u00e9e. [<a href=\"https:\/\/www.decisivesystem.com\/fr\/solutions\/scoring\/donor-potential\/\">en savoir plus<\/a>]<\/p>\t\t\t\t\t\t<\/div>\n\t\t\t\t<\/div>\n\t\t\t\t<div class=\"elementor-element elementor-element-4bfb48f elementor-widget elementor-widget-heading\" data-id=\"4bfb48f\" data-element_type=\"widget\" data-widget_type=\"heading.default\">\n\t\t\t\t<div class=\"elementor-widget-container\">\n\t\t\t<h4 class=\"elementor-heading-title elementor-size-default\">SCORING PRELEVEMENT AUTOMATIQUE<\/h4>\t\t<\/div>\n\t\t\t\t<\/div>\n\t\t\t\t<div class=\"elementor-element elementor-element-90c18e8 elementor-widget elementor-widget-text-editor\" data-id=\"90c18e8\" data-element_type=\"widget\" data-widget_type=\"text-editor.default\">\n\t\t\t\t<div class=\"elementor-widget-container\">\n\t\t\t\t\t\t\t<p>Pour une optimisation de vos campagnes afin de convertir vos donateurs au pr\u00e9l\u00e8vement automatique. [<a href=\"https:\/\/www.decisivesystem.com\/fr\/solutions\/scoring\/monthly-donor\/\">en savoir plus<\/a>]<\/p>\t\t\t\t\t\t<\/div>\n\t\t\t\t<\/div>\n\t\t\t\t\t<\/div>\n\t\t<\/div>\n\t\t\t\t<div class=\"elementor-column elementor-col-50 elementor-inner-column elementor-element elementor-element-a68df51\" data-id=\"a68df51\" data-element_type=\"column\">\n\t\t\t<div class=\"elementor-widget-wrap elementor-element-populated\">\n\t\t\t\t\t\t<div class=\"elementor-element elementor-element-2e65e02 elementor-widget elementor-widget-heading\" data-id=\"2e65e02\" data-element_type=\"widget\" data-widget_type=\"heading.default\">\n\t\t\t\t<div class=\"elementor-widget-container\">\n\t\t\t<h4 class=\"elementor-heading-title elementor-size-default\">SCORING MIDDLE DONOR<\/h4>\t\t<\/div>\n\t\t\t\t<\/div>\n\t\t\t\t<div class=\"elementor-element elementor-element-3e437b6 elementor-widget elementor-widget-text-editor\" data-id=\"3e437b6\" data-element_type=\"widget\" data-widget_type=\"text-editor.default\">\n\t\t\t\t<div class=\"elementor-widget-container\">\n\t\t\t\t\t\t\t<p>Classement des meilleurs \"middle donors\" potentiels dans la base de donn\u00e9es existante. [<a href=\"https:\/\/www.decisivesystem.com\/fr\/solutions\/scoring\/middle-donor\/\">en savoir plus<\/a>]<\/p>\t\t\t\t\t\t<\/div>\n\t\t\t\t<\/div>\n\t\t\t\t<div class=\"elementor-element elementor-element-edba085 elementor-widget elementor-widget-heading\" data-id=\"edba085\" data-element_type=\"widget\" data-widget_type=\"heading.default\">\n\t\t\t\t<div class=\"elementor-widget-container\">\n\t\t\t<h4 class=\"elementor-heading-title elementor-size-default\">SCORING TESTATEUR<\/h4>\t\t<\/div>\n\t\t\t\t<\/div>\n\t\t\t\t<div class=\"elementor-element elementor-element-402e876 elementor-widget elementor-widget-text-editor\" data-id=\"402e876\" data-element_type=\"widget\" data-widget_type=\"text-editor.default\">\n\t\t\t\t<div class=\"elementor-widget-container\">\n\t\t\t\t\t\t\t<p>Identification des donateurs particuli\u00e8rement sensibles aux legs, pour une communication plus cibl\u00e9e. [<a href=\"https:\/\/www.decisivesystem.com\/fr\/solutions\/scoring\/testator\/\">en savoir plus<\/a>]<\/p>\t\t\t\t\t\t<\/div>\n\t\t\t\t<\/div>\n\t\t\t\t<div class=\"elementor-element elementor-element-f2f6f2f elementor-widget elementor-widget-heading\" data-id=\"f2f6f2f\" data-element_type=\"widget\" data-widget_type=\"heading.default\">\n\t\t\t\t<div class=\"elementor-widget-container\">\n\t\t\t<h4 class=\"elementor-heading-title elementor-size-default\">TABLEAUX DE BORD<\/h4>\t\t<\/div>\n\t\t\t\t<\/div>\n\t\t\t\t<div class=\"elementor-element elementor-element-2eecc20 elementor-widget elementor-widget-text-editor\" data-id=\"2eecc20\" data-element_type=\"widget\" data-widget_type=\"text-editor.default\">\n\t\t\t\t<div class=\"elementor-widget-container\">\n\t\t\t\t\t\t\t<p>Tableaux de bord r\u00e9guliers sur l'\u00e9volution de la collecte de fonds (canaux, cycles) et projections pour la fin de l'ann\u00e9e. [<a href=\"https:\/\/www.decisivesystem.com\/fr\/solutions\/dashboard\/\">en savoir plus<\/a>]<\/p>\t\t\t\t\t\t<\/div>\n\t\t\t\t<\/div>\n\t\t\t\t\t<\/div>\n\t\t<\/div>\n\t\t\t\t\t<\/div>\n\t\t<\/section>\n\t\t\t\t\t<\/div>\n\t\t<\/div>\n\t\t\t\t\t<\/div>\n\t\t<\/section>\n\t\t\t\t<\/div>","protected":false},"excerpt":{"rendered":"<p>DECISIVE SYSTEM 360\u00b0 nous permet d'envoyer les bons messages \u00e0 nos donateurs, \u00e0 la bonne fr\u00e9quence et au bon moment. Depuis que nous utilisons leur solution, nous avons am\u00e9lior\u00e9 nos r\u00e9sultats et la qualit\u00e9 de notre relation avec les donateurs. Sophie Maintenant, Responsable Marketing &amp; Innovation, Fondation de France L'apprentissage automatique, la mod\u00e9lisation pr\u00e9dictive et [...]<\/p>","protected":false},"author":1,"featured_media":0,"parent":171,"menu_order":4,"comment_status":"closed","ping_status":"closed","template":"","meta":{"footnotes":""},"class_list":["post-439","page","type-page","status-publish","hentry"],"_links":{"self":[{"href":"https:\/\/www.decisivesystem.com\/fr\/wp-json\/wp\/v2\/pages\/439","targetHints":{"allow":["GET"]}}],"collection":[{"href":"https:\/\/www.decisivesystem.com\/fr\/wp-json\/wp\/v2\/pages"}],"about":[{"href":"https:\/\/www.decisivesystem.com\/fr\/wp-json\/wp\/v2\/types\/page"}],"author":[{"embeddable":true,"href":"https:\/\/www.decisivesystem.com\/fr\/wp-json\/wp\/v2\/users\/1"}],"replies":[{"embeddable":true,"href":"https:\/\/www.decisivesystem.com\/fr\/wp-json\/wp\/v2\/comments?post=439"}],"version-history":[{"count":20,"href":"https:\/\/www.decisivesystem.com\/fr\/wp-json\/wp\/v2\/pages\/439\/revisions"}],"predecessor-version":[{"id":1362,"href":"https:\/\/www.decisivesystem.com\/fr\/wp-json\/wp\/v2\/pages\/439\/revisions\/1362"}],"up":[{"embeddable":true,"href":"https:\/\/www.decisivesystem.com\/fr\/wp-json\/wp\/v2\/pages\/171"}],"wp:attachment":[{"href":"https:\/\/www.decisivesystem.com\/fr\/wp-json\/wp\/v2\/media?parent=439"}],"curies":[{"name":"wp","href":"https:\/\/api.w.org\/{rel}","templated":true}]}}