{"id":437,"date":"2023-09-25T08:49:45","date_gmt":"2023-09-25T08:49:45","guid":{"rendered":"https:\/\/www.decisivesystem.com\/?page_id=437"},"modified":"2024-09-16T08:31:45","modified_gmt":"2024-09-16T08:31:45","slug":"middle-donor","status":"publish","type":"page","link":"https:\/\/www.decisivesystem.com\/fr\/solutions\/scoring\/middle-donor\/","title":{"rendered":"Score middle donor"},"content":{"rendered":"<div data-elementor-type=\"wp-page\" data-elementor-id=\"437\" class=\"elementor elementor-437\" data-elementor-post-type=\"page\">\n\t\t\t\t\t\t<section class=\"elementor-section elementor-top-section elementor-element elementor-element-4bd7768 elementor-section-boxed elementor-section-height-default elementor-section-height-default\" data-id=\"4bd7768\" data-element_type=\"section\">\n\t\t\t\t\t\t<div class=\"elementor-container elementor-column-gap-default\">\n\t\t\t\t\t<div class=\"elementor-column elementor-col-100 elementor-top-column elementor-element elementor-element-1e1f428\" data-id=\"1e1f428\" data-element_type=\"column\">\n\t\t\t<div class=\"elementor-widget-wrap elementor-element-populated\">\n\t\t\t\t\t\t<div class=\"elementor-element elementor-element-96ed5e6 elementor-widget elementor-widget-image\" data-id=\"96ed5e6\" data-element_type=\"widget\" data-widget_type=\"image.default\">\n\t\t\t\t<div class=\"elementor-widget-container\">\n\t\t\t\t\t\t\t\t\t\t\t\t\t<img decoding=\"async\" width=\"120\" height=\"120\" src=\"https:\/\/www.decisivesystem.com\/wp-content\/uploads\/model_scoring_middle.png\" class=\"attachment-large size-large wp-image-683\" alt=\"\" srcset=\"https:\/\/www.decisivesystem.com\/wp-content\/uploads\/model_scoring_middle.png 120w, https:\/\/www.decisivesystem.com\/wp-content\/uploads\/model_scoring_middle-12x12.png 12w\" sizes=\"(max-width: 120px) 100vw, 120px\" \/>\t\t\t\t\t\t\t\t\t\t\t\t\t<\/div>\n\t\t\t\t<\/div>\n\t\t\t\t\t<\/div>\n\t\t<\/div>\n\t\t\t\t\t<\/div>\n\t\t<\/section>\n\t\t\t\t<section class=\"elementor-section elementor-top-section elementor-element elementor-element-22ced65 elementor-section-boxed elementor-section-height-default elementor-section-height-default\" data-id=\"22ced65\" data-element_type=\"section\">\n\t\t\t\t\t\t<div class=\"elementor-container elementor-column-gap-default\">\n\t\t\t\t\t<div class=\"elementor-column elementor-col-100 elementor-top-column elementor-element elementor-element-d4ca3c4\" data-id=\"d4ca3c4\" data-element_type=\"column\">\n\t\t\t<div class=\"elementor-widget-wrap elementor-element-populated\">\n\t\t\t\t\t\t<div class=\"elementor-element elementor-element-8f9e870 elementor-blockquote--skin-quotation elementor-blockquote--align-center elementor-blockquote--button-color-official elementor-widget elementor-widget-blockquote\" data-id=\"8f9e870\" data-element_type=\"widget\" data-widget_type=\"blockquote.default\">\n\t\t\t\t<div class=\"elementor-widget-container\">\n\t\t\t\t\t<blockquote class=\"elementor-blockquote\">\n\t\t\t<p class=\"elementor-blockquote__content\">\n\t\t\t\tNous avons \u00e9galement travaill\u00e9 avec les scores de DECISIVE SYSTEM pour les donateurs interm\u00e9diaires dans le cadre de diverses campagnes. La performance du score est ind\u00e9niable. Nous avons doubl\u00e9 nos performances en mati\u00e8re de collecte de fonds.\t\t\t<\/p>\n\t\t\t\t\t\t\t<div class=\"e-q-footer\">\n\t\t\t\t\t\t\t\t\t\t\t<cite class=\"elementor-blockquote__author\">Emilie Duquesnay, directrice de client\u00e8le, Hopening<\/cite>\n\t\t\t\t\t\t\t\t\t\t\t\t\t\t<\/div>\n\t\t\t\t\t<\/blockquote>\n\t\t\t\t<\/div>\n\t\t\t\t<\/div>\n\t\t\t\t\t<\/div>\n\t\t<\/div>\n\t\t\t\t\t<\/div>\n\t\t<\/section>\n\t\t\t\t<section class=\"elementor-section elementor-top-section elementor-element elementor-element-029851e elementor-section-boxed elementor-section-height-default elementor-section-height-default\" data-id=\"029851e\" data-element_type=\"section\">\n\t\t\t\t\t\t<div class=\"elementor-container elementor-column-gap-default\">\n\t\t\t\t\t<div class=\"elementor-column elementor-col-100 elementor-top-column elementor-element elementor-element-327b6d3\" data-id=\"327b6d3\" data-element_type=\"column\">\n\t\t\t<div class=\"elementor-widget-wrap elementor-element-populated\">\n\t\t\t\t\t\t<div class=\"elementor-element elementor-element-16345b1 elementor-widget elementor-widget-spacer\" data-id=\"16345b1\" data-element_type=\"widget\" data-widget_type=\"spacer.default\">\n\t\t\t\t<div class=\"elementor-widget-container\">\n\t\t\t\t\t<div class=\"elementor-spacer\">\n\t\t\t<div class=\"elementor-spacer-inner\"><\/div>\n\t\t<\/div>\n\t\t\t\t<\/div>\n\t\t\t\t<\/div>\n\t\t\t\t<div class=\"elementor-element elementor-element-89cfca6 elementor-widget elementor-widget-text-editor\" data-id=\"89cfca6\" data-element_type=\"widget\" data-widget_type=\"text-editor.default\">\n\t\t\t\t<div class=\"elementor-widget-container\">\n\t\t\t\t\t\t\t<p>L'utilisation de nos mod\u00e8les avanc\u00e9s d'apprentissage automatique pour identifier les donateurs interm\u00e9diaires dans votre base de donn\u00e9es peut consid\u00e9rablement am\u00e9liorer l'efficacit\u00e9 et l'efficience de vos strat\u00e9gies de collecte de fonds.<\/p><p>En analysant les mod\u00e8les de comportement des donateurs, les algorithmes d'apprentissage automatique peuvent rep\u00e9rer les personnes qui ont le potentiel d'augmenter leurs contributions, mais qui pourraient autrement \u00eatre n\u00e9glig\u00e9es. Cette approche permet aux organisations de concentrer leurs efforts et leurs ressources sur un engagement plus personnel et plus efficace avec ces donateurs.<\/p><p>La valeur ne r\u00e9side pas seulement dans l'augmentation des dons imm\u00e9diats, mais aussi dans la culture d'une base de donateurs plus engag\u00e9e et plus durable. En tirant parti du pouvoir pr\u00e9dictif de l'apprentissage automatique, les organisations peuvent s'assurer que leurs efforts de collecte de fonds sont \u00e0 la fois strat\u00e9giquement cibl\u00e9s et rentables, ce qui conduit \u00e0 de meilleurs r\u00e9sultats et \u00e0 une base financi\u00e8re plus solide pour leurs initiatives.<\/p>\t\t\t\t\t\t<\/div>\n\t\t\t\t<\/div>\n\t\t\t\t\t<\/div>\n\t\t<\/div>\n\t\t\t\t\t<\/div>\n\t\t<\/section>\n\t\t\t\t<\/div>","protected":false},"excerpt":{"rendered":"<p>Nous avons \u00e9galement travaill\u00e9 avec les scores de DECISIVE SYSTEM pour les donateurs interm\u00e9diaires dans le cadre de diverses campagnes. La performance du score est ind\u00e9niable. Nous avons doubl\u00e9 nos performances de collecte de fonds. Emilie Duquesnay, Directrice de compte, Hopening L'utilisation de nos mod\u00e8les avanc\u00e9s d'apprentissage automatique pour identifier les donateurs interm\u00e9diaires dans votre base de donn\u00e9es peut consid\u00e9rablement am\u00e9liorer l'efficacit\u00e9 et l'efficience de vos strat\u00e9gies de collecte de fonds. En analysant [...]<\/p>","protected":false},"author":1,"featured_media":0,"parent":429,"menu_order":3,"comment_status":"closed","ping_status":"closed","template":"","meta":{"footnotes":""},"class_list":["post-437","page","type-page","status-publish","hentry"],"_links":{"self":[{"href":"https:\/\/www.decisivesystem.com\/fr\/wp-json\/wp\/v2\/pages\/437","targetHints":{"allow":["GET"]}}],"collection":[{"href":"https:\/\/www.decisivesystem.com\/fr\/wp-json\/wp\/v2\/pages"}],"about":[{"href":"https:\/\/www.decisivesystem.com\/fr\/wp-json\/wp\/v2\/types\/page"}],"author":[{"embeddable":true,"href":"https:\/\/www.decisivesystem.com\/fr\/wp-json\/wp\/v2\/users\/1"}],"replies":[{"embeddable":true,"href":"https:\/\/www.decisivesystem.com\/fr\/wp-json\/wp\/v2\/comments?post=437"}],"version-history":[{"count":25,"href":"https:\/\/www.decisivesystem.com\/fr\/wp-json\/wp\/v2\/pages\/437\/revisions"}],"predecessor-version":[{"id":1353,"href":"https:\/\/www.decisivesystem.com\/fr\/wp-json\/wp\/v2\/pages\/437\/revisions\/1353"}],"up":[{"embeddable":true,"href":"https:\/\/www.decisivesystem.com\/fr\/wp-json\/wp\/v2\/pages\/429"}],"wp:attachment":[{"href":"https:\/\/www.decisivesystem.com\/fr\/wp-json\/wp\/v2\/media?parent=437"}],"curies":[{"name":"wp","href":"https:\/\/api.w.org\/{rel}","templated":true}]}}