{"id":435,"date":"2023-09-25T08:49:33","date_gmt":"2023-09-25T08:49:33","guid":{"rendered":"https:\/\/www.decisivesystem.com\/?page_id=435"},"modified":"2024-09-16T08:30:40","modified_gmt":"2024-09-16T08:30:40","slug":"monthly-donor","status":"publish","type":"page","link":"https:\/\/www.decisivesystem.com\/fr\/solutions\/scoring\/monthly-donor\/","title":{"rendered":"Scoring pr\u00e9l\u00e8vements automatiques"},"content":{"rendered":"<div data-elementor-type=\"wp-page\" data-elementor-id=\"435\" class=\"elementor elementor-435\" data-elementor-post-type=\"page\">\n\t\t\t\t\t\t<section class=\"elementor-section elementor-top-section elementor-element elementor-element-4bd7768 elementor-section-boxed elementor-section-height-default elementor-section-height-default\" data-id=\"4bd7768\" data-element_type=\"section\">\n\t\t\t\t\t\t<div class=\"elementor-container elementor-column-gap-default\">\n\t\t\t\t\t<div class=\"elementor-column elementor-col-100 elementor-top-column elementor-element elementor-element-1e1f428\" data-id=\"1e1f428\" data-element_type=\"column\">\n\t\t\t<div class=\"elementor-widget-wrap elementor-element-populated\">\n\t\t\t\t\t\t<div class=\"elementor-element elementor-element-96ed5e6 elementor-widget elementor-widget-image\" data-id=\"96ed5e6\" data-element_type=\"widget\" data-widget_type=\"image.default\">\n\t\t\t\t<div class=\"elementor-widget-container\">\n\t\t\t\t\t\t\t\t\t\t\t\t\t<img decoding=\"async\" width=\"120\" height=\"120\" src=\"https:\/\/www.decisivesystem.com\/wp-content\/uploads\/model_scoring_monthly.png\" class=\"attachment-large size-large wp-image-684\" alt=\"\" srcset=\"https:\/\/www.decisivesystem.com\/wp-content\/uploads\/model_scoring_monthly.png 120w, https:\/\/www.decisivesystem.com\/wp-content\/uploads\/model_scoring_monthly-12x12.png 12w\" sizes=\"(max-width: 120px) 100vw, 120px\" \/>\t\t\t\t\t\t\t\t\t\t\t\t\t<\/div>\n\t\t\t\t<\/div>\n\t\t\t\t\t<\/div>\n\t\t<\/div>\n\t\t\t\t\t<\/div>\n\t\t<\/section>\n\t\t\t\t<section class=\"elementor-section elementor-top-section elementor-element elementor-element-029851e elementor-section-boxed elementor-section-height-default elementor-section-height-default\" data-id=\"029851e\" data-element_type=\"section\">\n\t\t\t\t\t\t<div class=\"elementor-container elementor-column-gap-default\">\n\t\t\t\t\t<div class=\"elementor-column elementor-col-100 elementor-top-column elementor-element elementor-element-327b6d3\" data-id=\"327b6d3\" data-element_type=\"column\">\n\t\t\t<div class=\"elementor-widget-wrap elementor-element-populated\">\n\t\t\t\t\t\t<div class=\"elementor-element elementor-element-4929f44 elementor-blockquote--skin-quotation elementor-blockquote--align-center elementor-blockquote--button-color-official elementor-widget elementor-widget-blockquote\" data-id=\"4929f44\" data-element_type=\"widget\" data-widget_type=\"blockquote.default\">\n\t\t\t\t<div class=\"elementor-widget-container\">\n\t\t\t\t\t<blockquote class=\"elementor-blockquote\">\n\t\t\t<p class=\"elementor-blockquote__content\">\n\t\t\t\tLe syst\u00e8me d'\u00e9valuation des donateurs mensuels de DECISIVE SYSTEM s'est av\u00e9r\u00e9 presque deux fois plus efficace pour identifier les donateurs mensuels potentiels.<br\/>que les r\u00e8gles de ciblage ad hoc que nous avons d\u00e9velopp\u00e9es en interne au fil des ans.\t\t\t<\/p>\n\t\t\t\t\t\t\t<div class=\"e-q-footer\">\n\t\t\t\t\t\t\t\t\t\t\t<cite class=\"elementor-blockquote__author\">V\u00e9ronique Rautureau, analyste en intelligence \u00e9conomique<br\/>M\u00e9decins sans fronti\u00e8res<\/cite>\n\t\t\t\t\t\t\t\t\t\t\t\t\t\t<\/div>\n\t\t\t\t\t<\/blockquote>\n\t\t\t\t<\/div>\n\t\t\t\t<\/div>\n\t\t\t\t<div class=\"elementor-element elementor-element-d8d11e2 elementor-widget elementor-widget-spacer\" data-id=\"d8d11e2\" data-element_type=\"widget\" data-widget_type=\"spacer.default\">\n\t\t\t\t<div class=\"elementor-widget-container\">\n\t\t\t\t\t<div class=\"elementor-spacer\">\n\t\t\t<div class=\"elementor-spacer-inner\"><\/div>\n\t\t<\/div>\n\t\t\t\t<\/div>\n\t\t\t\t<\/div>\n\t\t\t\t<div class=\"elementor-element elementor-element-1776e1d elementor-widget elementor-widget-text-editor\" data-id=\"1776e1d\" data-element_type=\"widget\" data-widget_type=\"text-editor.default\">\n\t\t\t\t<div class=\"elementor-widget-container\">\n\t\t\t\t\t\t\t<div><div data-message-author-role=\"assistant\" data-message-id=\"fd1f4fbb-3c70-4bf7-bf30-e2749a523b5b\"><div><div><div data-message-author-role=\"assistant\" data-message-id=\"7b6cde2b-36c8-470f-98df-a12102b80ec3\"><div><p>L'utilisation de l'intelligence artificielle (IA) et de l'apprentissage automatique (ML) a consid\u00e9rablement rationalis\u00e9 le processus permettant aux organisations \u00e0 but non lucratif d'identifier les donateurs mensuels potentiels au sein de leurs bases de donn\u00e9es. Ces technologies analysent efficacement les donn\u00e9es exhaustives des donateurs, en se concentrant sur les mod\u00e8les de dons ant\u00e9rieurs, la fr\u00e9quence des dons, les donn\u00e9es d\u00e9mographiques et les niveaux d'engagement, afin de rep\u00e9rer les personnes susceptibles de s'engager dans des dons r\u00e9guliers et r\u00e9currents.<\/p><p>La capacit\u00e9 de l'IA \u00e0 d\u00e9couvrir des tendances cach\u00e9es dans le comportement des donateurs change la donne. Elle peut, par exemple, identifier les donateurs ponctuels qui sont des candidats de choix pour passer \u00e0 des dons mensuels. Ces informations sont cruciales car elles exploitent les donn\u00e9es d\u00e9mographiques de base, mais vont \u00e9galement au-del\u00e0, offrant une compr\u00e9hension plus nuanc\u00e9e des habitudes et des pr\u00e9f\u00e9rences des donateurs.<\/p><p>Nos mod\u00e8les d'\u00e9valuation des donateurs mensuels permettent aux organisations \u00e0 but non lucratif de personnaliser leur approche. En comprenant les caract\u00e9ristiques uniques des donateurs mensuels potentiels, les organisations peuvent \u00e9laborer des appels plus pertinents et plus efficaces, augmentant ainsi les chances de convertir les donateurs ponctuels en soutiens r\u00e9guliers.<\/p><\/div><\/div><\/div><\/div><\/div><\/div>\t\t\t\t\t\t<\/div>\n\t\t\t\t<\/div>\n\t\t\t\t<div class=\"elementor-element elementor-element-f74260f elementor-widget elementor-widget-image\" data-id=\"f74260f\" data-element_type=\"widget\" data-widget_type=\"image.default\">\n\t\t\t\t<div class=\"elementor-widget-container\">\n\t\t\t\t\t\t\t\t\t\t\t\t\t<img fetchpriority=\"high\" decoding=\"async\" width=\"1260\" height=\"900\" src=\"https:\/\/www.decisivesystem.com\/wp-content\/uploads\/chart_debugging_plot_actual_performance.png\" class=\"attachment-full size-full wp-image-685\" alt=\"\" srcset=\"https:\/\/www.decisivesystem.com\/wp-content\/uploads\/chart_debugging_plot_actual_performance.png 1260w, https:\/\/www.decisivesystem.com\/wp-content\/uploads\/chart_debugging_plot_actual_performance-300x214.png 300w, https:\/\/www.decisivesystem.com\/wp-content\/uploads\/chart_debugging_plot_actual_performance-1024x731.png 1024w, https:\/\/www.decisivesystem.com\/wp-content\/uploads\/chart_debugging_plot_actual_performance-768x549.png 768w, https:\/\/www.decisivesystem.com\/wp-content\/uploads\/chart_debugging_plot_actual_performance-18x12.png 18w\" sizes=\"(max-width: 1260px) 100vw, 1260px\" \/>\t\t\t\t\t\t\t\t\t\t\t\t\t<\/div>\n\t\t\t\t<\/div>\n\t\t\t\t<div class=\"elementor-element elementor-element-f0c776f elementor-widget elementor-widget-text-editor\" data-id=\"f0c776f\" data-element_type=\"widget\" data-widget_type=\"text-editor.default\">\n\t\t\t\t<div class=\"elementor-widget-container\">\n\t\t\t\t\t\t\t<p>Dans le tableau ci-dessus, chaque donateur s'est vu attribuer un score mensuel de 1 (le plus mauvais) \u00e0 20 (le meilleur).\nde 1 (le plus mauvais) \u00e0 20 (le meilleur), en fonction de ses donn\u00e9es d\u00e9mographiques, de ses comportements ant\u00e9rieurs et de ses principaux indicateurs comportementaux. Le graphique pr\u00e9sente les taux de conversion\nde conversion apr\u00e8s une p\u00e9riode de six mois et une campagne de conversion tous azimuts. Moins de\n3% de la base de donn\u00e9es, identifi\u00e9e par notre mod\u00e8le pr\u00e9dictif exclusif, a repr\u00e9sent\u00e9 plus de\nmod\u00e8le pr\u00e9dictif exclusif, repr\u00e9sentaient plus de 40% des donateurs qui ont \u00e9t\u00e9 effectivement transform\u00e9s en donateurs mensuels, ce qui a permis \u00e0 l'organisation d'augmenter son taux de conversion.\ntransform\u00e9s en donateurs mensuels, ce qui a permis \u00e0 l'organisation de\nconcentrer ses efforts sur les donateurs les plus prometteurs, minimisant ainsi les co\u00fbts tout en maximisant l'impact.<\/p>\t\t\t\t\t\t<\/div>\n\t\t\t\t<\/div>\n\t\t\t\t\t<\/div>\n\t\t<\/div>\n\t\t\t\t\t<\/div>\n\t\t<\/section>\n\t\t\t\t<\/div>","protected":false},"excerpt":{"rendered":"<p>Le scoring des donateurs mensuels de DECISIVE SYSTEM s'est av\u00e9r\u00e9 presque deux fois plus efficace pour identifier les donateurs mensuels potentiels que les r\u00e8gles de ciblage ad hoc que nous avons d\u00e9velopp\u00e9es en interne au fil des ans. V\u00e9ronique Rautureau, Business Intelligence AnalystDoctors Without Borders L'utilisation de l'Intelligence Artificielle (IA) et du Machine Learning (ML) a consid\u00e9rablement simplifi\u00e9 le processus d'identification des donateurs mensuels potentiels pour les organisations \u00e0 but non lucratif [...]<\/p>","protected":false},"author":1,"featured_media":0,"parent":429,"menu_order":2,"comment_status":"closed","ping_status":"closed","template":"","meta":{"footnotes":""},"class_list":["post-435","page","type-page","status-publish","hentry"],"_links":{"self":[{"href":"https:\/\/www.decisivesystem.com\/fr\/wp-json\/wp\/v2\/pages\/435","targetHints":{"allow":["GET"]}}],"collection":[{"href":"https:\/\/www.decisivesystem.com\/fr\/wp-json\/wp\/v2\/pages"}],"about":[{"href":"https:\/\/www.decisivesystem.com\/fr\/wp-json\/wp\/v2\/types\/page"}],"author":[{"embeddable":true,"href":"https:\/\/www.decisivesystem.com\/fr\/wp-json\/wp\/v2\/users\/1"}],"replies":[{"embeddable":true,"href":"https:\/\/www.decisivesystem.com\/fr\/wp-json\/wp\/v2\/comments?post=435"}],"version-history":[{"count":22,"href":"https:\/\/www.decisivesystem.com\/fr\/wp-json\/wp\/v2\/pages\/435\/revisions"}],"predecessor-version":[{"id":1350,"href":"https:\/\/www.decisivesystem.com\/fr\/wp-json\/wp\/v2\/pages\/435\/revisions\/1350"}],"up":[{"embeddable":true,"href":"https:\/\/www.decisivesystem.com\/fr\/wp-json\/wp\/v2\/pages\/429"}],"wp:attachment":[{"href":"https:\/\/www.decisivesystem.com\/fr\/wp-json\/wp\/v2\/media?parent=435"}],"curies":[{"name":"wp","href":"https:\/\/api.w.org\/{rel}","templated":true}]}}