{"id":410,"date":"2023-09-25T08:36:43","date_gmt":"2023-09-25T08:36:43","guid":{"rendered":"https:\/\/www.decisivesystem.com\/?page_id=410"},"modified":"2024-09-16T08:22:01","modified_gmt":"2024-09-16T08:22:01","slug":"strategic-diagnostic","status":"publish","type":"page","link":"https:\/\/www.decisivesystem.com\/fr\/solutions\/strategic-diagnostic\/","title":{"rendered":"Diagnostic strat\u00e9gique"},"content":{"rendered":"<div data-elementor-type=\"wp-page\" data-elementor-id=\"410\" class=\"elementor elementor-410\" data-elementor-post-type=\"page\">\n\t\t\t\t\t\t<section class=\"elementor-section elementor-top-section elementor-element elementor-element-4bd7768 elementor-section-boxed elementor-section-height-default elementor-section-height-default\" data-id=\"4bd7768\" data-element_type=\"section\">\n\t\t\t\t\t\t<div class=\"elementor-container elementor-column-gap-default\">\n\t\t\t\t\t<div class=\"elementor-column elementor-col-100 elementor-top-column elementor-element elementor-element-1e1f428\" data-id=\"1e1f428\" data-element_type=\"column\">\n\t\t\t<div class=\"elementor-widget-wrap elementor-element-populated\">\n\t\t\t\t\t\t<div class=\"elementor-element elementor-element-96ed5e6 elementor-widget elementor-widget-image\" data-id=\"96ed5e6\" data-element_type=\"widget\" data-widget_type=\"image.default\">\n\t\t\t\t<div class=\"elementor-widget-container\">\n\t\t\t\t\t\t\t\t\t\t\t\t\t<img decoding=\"async\" width=\"120\" height=\"120\" src=\"https:\/\/www.decisivesystem.com\/wp-content\/uploads\/model_strategic_diagnostic.png\" class=\"attachment-large size-large wp-image-957\" alt=\"\" srcset=\"https:\/\/www.decisivesystem.com\/wp-content\/uploads\/model_strategic_diagnostic.png 120w, https:\/\/www.decisivesystem.com\/wp-content\/uploads\/model_strategic_diagnostic-12x12.png 12w\" sizes=\"(max-width: 120px) 100vw, 120px\" \/>\t\t\t\t\t\t\t\t\t\t\t\t\t<\/div>\n\t\t\t\t<\/div>\n\t\t\t\t\t<\/div>\n\t\t<\/div>\n\t\t\t\t\t<\/div>\n\t\t<\/section>\n\t\t\t\t<section class=\"elementor-section elementor-top-section elementor-element elementor-element-22ced65 elementor-section-boxed elementor-section-height-default elementor-section-height-default\" data-id=\"22ced65\" data-element_type=\"section\">\n\t\t\t\t\t\t<div class=\"elementor-container elementor-column-gap-default\">\n\t\t\t\t\t<div class=\"elementor-column elementor-col-100 elementor-top-column elementor-element elementor-element-d4ca3c4\" data-id=\"d4ca3c4\" data-element_type=\"column\">\n\t\t\t<div class=\"elementor-widget-wrap elementor-element-populated\">\n\t\t\t\t\t\t<div class=\"elementor-element elementor-element-e6075f7 elementor-blockquote--skin-quotation elementor-blockquote--align-center elementor-blockquote--button-color-official elementor-widget elementor-widget-blockquote\" data-id=\"e6075f7\" data-element_type=\"widget\" data-widget_type=\"blockquote.default\">\n\t\t\t\t<div class=\"elementor-widget-container\">\n\t\t\t\t\t<blockquote class=\"elementor-blockquote\">\n\t\t\t<p class=\"elementor-blockquote__content\">\n\t\t\t\tPouvoir affiner de mani\u00e8re ind\u00e9pendante les connaissances de notre base de donn\u00e9es lorsque nous en avons besoin, et non pas 6 mois ou 1 an plus tard, est un v\u00e9ritable r\u00eave !\t\t\t<\/p>\n\t\t\t\t\t\t\t<div class=\"e-q-footer\">\n\t\t\t\t\t\t\t\t\t\t\t<cite class=\"elementor-blockquote__author\">Francine Trocm\u00e9 Vitali, Responsable de la collecte de fonds, Gustave Roussy<\/cite>\n\t\t\t\t\t\t\t\t\t\t\t\t\t\t<\/div>\n\t\t\t\t\t<\/blockquote>\n\t\t\t\t<\/div>\n\t\t\t\t<\/div>\n\t\t\t\t<div class=\"elementor-element elementor-element-2044a05 elementor-widget elementor-widget-spacer\" data-id=\"2044a05\" data-element_type=\"widget\" data-widget_type=\"spacer.default\">\n\t\t\t\t<div class=\"elementor-widget-container\">\n\t\t\t\t\t<div class=\"elementor-spacer\">\n\t\t\t<div class=\"elementor-spacer-inner\"><\/div>\n\t\t<\/div>\n\t\t\t\t<\/div>\n\t\t\t\t<\/div>\n\t\t\t\t<div class=\"elementor-element elementor-element-e4a4760 elementor-widget elementor-widget-text-editor\" data-id=\"e4a4760\" data-element_type=\"widget\" data-widget_type=\"text-editor.default\">\n\t\t\t\t<div class=\"elementor-widget-container\">\n\t\t\t\t\t\t\t<p>Qu'il s'agisse d'une offre autonome ou de notre mod\u00e8le d'abonnement (voir <a href=\"https:\/\/www.decisivesystem.com\/fr\/solutions\/decisive-system-360\/\">Decisive System 360\u00b0<\/a>), une analyse diagnostique strat\u00e9gique typique peut contenir les modules suivants, chacun \u00e9tant destin\u00e9 \u00e0 vous aider \u00e0 mieux comprendre votre strat\u00e9gie de collecte de fonds, \u00e0 comparer vos r\u00e9sultats et \u00e0 identifier les points \u00e0 am\u00e9liorer :<\/p>\t\t\t\t\t\t<\/div>\n\t\t\t\t<\/div>\n\t\t\t\t<section class=\"elementor-section elementor-inner-section elementor-element elementor-element-40ea1f5 elementor-section-boxed elementor-section-height-default elementor-section-height-default\" data-id=\"40ea1f5\" data-element_type=\"section\">\n\t\t\t\t\t\t<div class=\"elementor-container elementor-column-gap-default\">\n\t\t\t\t\t<div class=\"elementor-column elementor-col-50 elementor-inner-column elementor-element elementor-element-18395ee\" data-id=\"18395ee\" data-element_type=\"column\">\n\t\t\t<div class=\"elementor-widget-wrap elementor-element-populated\">\n\t\t\t\t\t\t<div class=\"elementor-element elementor-element-d24fa9f elementor-position-top elementor-widget elementor-widget-image-box\" data-id=\"d24fa9f\" data-element_type=\"widget\" data-widget_type=\"image-box.default\">\n\t\t\t\t<div class=\"elementor-widget-container\">\n\t\t\t<div class=\"elementor-image-box-wrapper\"><figure class=\"elementor-image-box-img\"><a href=\"https:\/\/www.decisivesystem.com\/fr\/solutions\/dashboard\/\" tabindex=\"-1\"><img decoding=\"async\" width=\"120\" height=\"120\" src=\"https:\/\/www.decisivesystem.com\/wp-content\/uploads\/model_dashboard.png\" class=\"attachment-full size-full wp-image-784\" alt=\"\" srcset=\"https:\/\/www.decisivesystem.com\/wp-content\/uploads\/model_dashboard.png 120w, https:\/\/www.decisivesystem.com\/wp-content\/uploads\/model_dashboard-12x12.png 12w\" sizes=\"(max-width: 120px) 100vw, 120px\" \/><\/a><\/figure><div class=\"elementor-image-box-content\"><h3 class=\"elementor-image-box-title\"><a href=\"https:\/\/www.decisivesystem.com\/fr\/solutions\/dashboard\/\">Tableaux de bord<\/a><\/h3><p class=\"elementor-image-box-description\">Un suivi et des pr\u00e9visions efficaces et fr\u00e9quents des efforts de collecte de fonds sont essentiels pour les organisations caritatives afin d'optimiser l'allocation des ressources, de maintenir la confiance des parties prenantes et de proc\u00e9der \u00e0 des ajustements strat\u00e9giques, facilit\u00e9s par des outils tels que des tableaux de bord fr\u00e9quemment mis \u00e0 jour avec des graphiques clairs et des pr\u00e9visions pr\u00e9cises.<\/p><\/div><\/div>\t\t<\/div>\n\t\t\t\t<\/div>\n\t\t\t\t\t<\/div>\n\t\t<\/div>\n\t\t\t\t<div class=\"elementor-column elementor-col-50 elementor-inner-column elementor-element elementor-element-e267a26\" data-id=\"e267a26\" data-element_type=\"column\">\n\t\t\t<div class=\"elementor-widget-wrap elementor-element-populated\">\n\t\t\t\t\t\t<div class=\"elementor-element elementor-element-d10b56c elementor-position-top elementor-widget elementor-widget-image-box\" data-id=\"d10b56c\" data-element_type=\"widget\" data-widget_type=\"image-box.default\">\n\t\t\t\t<div class=\"elementor-widget-container\">\n\t\t\t<div class=\"elementor-image-box-wrapper\"><figure class=\"elementor-image-box-img\"><a href=\"https:\/\/www.decisivesystem.com\/fr\/solutions\/strategic-diagnostic\/diagnostic\/\" tabindex=\"-1\"><img decoding=\"async\" width=\"120\" height=\"120\" src=\"https:\/\/www.decisivesystem.com\/wp-content\/uploads\/model_diagnostic.png\" class=\"attachment-full size-full wp-image-863\" alt=\"\" srcset=\"https:\/\/www.decisivesystem.com\/wp-content\/uploads\/model_diagnostic.png 120w, https:\/\/www.decisivesystem.com\/wp-content\/uploads\/model_diagnostic-12x12.png 12w\" sizes=\"(max-width: 120px) 100vw, 120px\" \/><\/a><\/figure><div class=\"elementor-image-box-content\"><h3 class=\"elementor-image-box-title\"><a href=\"https:\/\/www.decisivesystem.com\/fr\/solutions\/strategic-diagnostic\/diagnostic\/\">Diagnostic<\/a><\/h3><p class=\"elementor-image-box-description\"><div><div><div><main><div role=\"presentation\" tabindex=\"0\"><div><div><div><div><div data-testid=\"conversation-turn-5\"><div><div><div><div><div><div data-message-author-role=\"assistant\" data-message-id=\"5421ac46-ee11-4198-a7db-b46afc5cda26\"><div><p>L'analyse approfondie des comportements des donateurs offre des informations pr\u00e9cieuses pour am\u00e9liorer les campagnes de collecte de fonds, mais de nombreuses \u00e9quipes manquent de temps ou de ressources pour \u00e9tudier en profondeur des questions telles que la g\u00e9n\u00e9rosit\u00e9 de r\u00e9activation des donateurs, la fr\u00e9quence des dons et les d\u00e9fis li\u00e9s au r\u00e9engagement.<\/p><\/div><\/div><\/div><\/div><\/div><\/div><\/div><\/div><\/div><\/div><\/div><\/div><\/div><\/main><\/div><\/div><\/div><\/p><\/div><\/div>\t\t<\/div>\n\t\t\t\t<\/div>\n\t\t\t\t\t<\/div>\n\t\t<\/div>\n\t\t\t\t\t<\/div>\n\t\t<\/section>\n\t\t\t\t<section class=\"elementor-section elementor-inner-section elementor-element elementor-element-c238c85 elementor-section-boxed elementor-section-height-default elementor-section-height-default\" data-id=\"c238c85\" data-element_type=\"section\">\n\t\t\t\t\t\t<div class=\"elementor-container elementor-column-gap-default\">\n\t\t\t\t\t<div class=\"elementor-column elementor-col-50 elementor-inner-column elementor-element elementor-element-8c83a2b\" data-id=\"8c83a2b\" data-element_type=\"column\">\n\t\t\t<div class=\"elementor-widget-wrap elementor-element-populated\">\n\t\t\t\t\t\t<div class=\"elementor-element elementor-element-8888bea elementor-position-top elementor-widget elementor-widget-image-box\" data-id=\"8888bea\" data-element_type=\"widget\" data-widget_type=\"image-box.default\">\n\t\t\t\t<div class=\"elementor-widget-container\">\n\t\t\t<div class=\"elementor-image-box-wrapper\"><figure class=\"elementor-image-box-img\"><a href=\"https:\/\/www.decisivesystem.com\/fr\/solutions\/strategic-diagnostic\/segmentation\/\" tabindex=\"-1\"><img loading=\"lazy\" decoding=\"async\" width=\"120\" height=\"120\" src=\"https:\/\/www.decisivesystem.com\/wp-content\/uploads\/model_segmentation.png\" class=\"attachment-full size-full wp-image-870\" alt=\"\" srcset=\"https:\/\/www.decisivesystem.com\/wp-content\/uploads\/model_segmentation.png 120w, https:\/\/www.decisivesystem.com\/wp-content\/uploads\/model_segmentation-12x12.png 12w\" sizes=\"(max-width: 120px) 100vw, 120px\" \/><\/a><\/figure><div class=\"elementor-image-box-content\"><h3 class=\"elementor-image-box-title\"><a href=\"https:\/\/www.decisivesystem.com\/fr\/solutions\/strategic-diagnostic\/segmentation\/\">Segmentation<\/a><\/h3><p class=\"elementor-image-box-description\">Malgr\u00e9 l'essor des techniques avanc\u00e9es d'IA et d'apprentissage automatique qui font para\u00eetre la segmentation traditionnelle d\u00e9pass\u00e9e, elle reste un outil essentiel pour diagnostiquer et comprendre l'\u00e9volution de la base de donn\u00e9es des donateurs, les taux de fid\u00e9lisation et pr\u00e9dire les r\u00e9sultats futurs des collectes de fonds.<\/p><\/div><\/div>\t\t<\/div>\n\t\t\t\t<\/div>\n\t\t\t\t\t<\/div>\n\t\t<\/div>\n\t\t\t\t<div class=\"elementor-column elementor-col-50 elementor-inner-column elementor-element elementor-element-921dc3e\" data-id=\"921dc3e\" data-element_type=\"column\">\n\t\t\t<div class=\"elementor-widget-wrap elementor-element-populated\">\n\t\t\t\t\t\t<div class=\"elementor-element elementor-element-99d4ee5 elementor-position-top elementor-widget elementor-widget-image-box\" data-id=\"99d4ee5\" data-element_type=\"widget\" data-widget_type=\"image-box.default\">\n\t\t\t\t<div class=\"elementor-widget-container\">\n\t\t\t<div class=\"elementor-image-box-wrapper\"><figure class=\"elementor-image-box-img\"><a href=\"https:\/\/www.decisivesystem.com\/fr\/solutions\/strategic-diagnostic\/loyalty\/\" tabindex=\"-1\"><img loading=\"lazy\" decoding=\"async\" width=\"120\" height=\"120\" src=\"https:\/\/www.decisivesystem.com\/wp-content\/uploads\/model_loyalty.png\" class=\"attachment-full size-full wp-image-875\" alt=\"\" srcset=\"https:\/\/www.decisivesystem.com\/wp-content\/uploads\/model_loyalty.png 120w, https:\/\/www.decisivesystem.com\/wp-content\/uploads\/model_loyalty-12x12.png 12w\" sizes=\"(max-width: 120px) 100vw, 120px\" \/><\/a><\/figure><div class=\"elementor-image-box-content\"><h3 class=\"elementor-image-box-title\"><a href=\"https:\/\/www.decisivesystem.com\/fr\/solutions\/strategic-diagnostic\/loyalty\/\">Fid\u00e9lit\u00e9<\/a><\/h3><p class=\"elementor-image-box-description\">Une collecte de fonds efficace repose sur l'\u00e9quilibre entre l'acquisition de donateurs et l'am\u00e9lioration de la fid\u00e9lisation afin de r\u00e9duire le taux d'attrition, l'analyse d\u00e9taill\u00e9e de la fid\u00e9lisation pouvant r\u00e9v\u00e9ler des informations cruciales pour l'am\u00e9lioration.<\/p><\/div><\/div>\t\t<\/div>\n\t\t\t\t<\/div>\n\t\t\t\t\t<\/div>\n\t\t<\/div>\n\t\t\t\t\t<\/div>\n\t\t<\/section>\n\t\t\t\t<section class=\"elementor-section elementor-inner-section elementor-element elementor-element-d75f9c4 elementor-section-boxed elementor-section-height-default elementor-section-height-default\" data-id=\"d75f9c4\" data-element_type=\"section\">\n\t\t\t\t\t\t<div class=\"elementor-container elementor-column-gap-default\">\n\t\t\t\t\t<div class=\"elementor-column elementor-col-50 elementor-inner-column elementor-element elementor-element-cd64999\" data-id=\"cd64999\" data-element_type=\"column\">\n\t\t\t<div class=\"elementor-widget-wrap elementor-element-populated\">\n\t\t\t\t\t\t<div class=\"elementor-element elementor-element-55d26e0 elementor-position-top elementor-widget elementor-widget-image-box\" data-id=\"55d26e0\" data-element_type=\"widget\" data-widget_type=\"image-box.default\">\n\t\t\t\t<div class=\"elementor-widget-container\">\n\t\t\t<div class=\"elementor-image-box-wrapper\"><figure class=\"elementor-image-box-img\"><a href=\"https:\/\/www.decisivesystem.com\/fr\/solutions\/strategic-diagnostic\/lifetime-value\/\" tabindex=\"-1\"><img loading=\"lazy\" decoding=\"async\" width=\"120\" height=\"120\" src=\"https:\/\/www.decisivesystem.com\/wp-content\/uploads\/model_lifetime.png\" class=\"attachment-full size-full wp-image-185\" alt=\"\" \/><\/a><\/figure><div class=\"elementor-image-box-content\"><h3 class=\"elementor-image-box-title\"><a href=\"https:\/\/www.decisivesystem.com\/fr\/solutions\/strategic-diagnostic\/lifetime-value\/\">Valeur \u00e0 vie<\/a><\/h3><p class=\"elementor-image-box-description\">Pour r\u00e9ussir dans la collecte de fonds, il faut \u00e9galement comprendre la distinction cruciale entre le succ\u00e8s \u00e0 court terme et la valeur et la fid\u00e9lit\u00e9 \u00e0 long terme des donateurs, qui peuvent \u00eatre analys\u00e9es \u00e0 l'aide de mod\u00e8les de valeur \u00e0 vie.<\/p><\/div><\/div>\t\t<\/div>\n\t\t\t\t<\/div>\n\t\t\t\t\t<\/div>\n\t\t<\/div>\n\t\t\t\t<div class=\"elementor-column elementor-col-50 elementor-inner-column elementor-element elementor-element-a3c094c\" data-id=\"a3c094c\" data-element_type=\"column\">\n\t\t\t<div class=\"elementor-widget-wrap elementor-element-populated\">\n\t\t\t\t\t\t<div class=\"elementor-element elementor-element-08d85e2 elementor-position-top elementor-widget elementor-widget-image-box\" data-id=\"08d85e2\" data-element_type=\"widget\" data-widget_type=\"image-box.default\">\n\t\t\t\t<div class=\"elementor-widget-container\">\n\t\t\t<div class=\"elementor-image-box-wrapper\"><figure class=\"elementor-image-box-img\"><a href=\"https:\/\/www.decisivesystem.com\/fr\/solutions\/strategic-diagnostic\/forecasts\/\" tabindex=\"-1\"><img loading=\"lazy\" decoding=\"async\" width=\"120\" height=\"120\" src=\"https:\/\/www.decisivesystem.com\/wp-content\/uploads\/model_forecasts.png\" class=\"attachment-full size-full wp-image-942\" alt=\"\" srcset=\"https:\/\/www.decisivesystem.com\/wp-content\/uploads\/model_forecasts.png 120w, https:\/\/www.decisivesystem.com\/wp-content\/uploads\/model_forecasts-12x12.png 12w\" sizes=\"(max-width: 120px) 100vw, 120px\" \/><\/a><\/figure><div class=\"elementor-image-box-content\"><h3 class=\"elementor-image-box-title\"><a href=\"https:\/\/www.decisivesystem.com\/fr\/solutions\/strategic-diagnostic\/forecasts\/\">Pr\u00e9visions quinquennales<\/a><\/h3><p class=\"elementor-image-box-description\">Des pr\u00e9visions de recettes pr\u00e9cises sont essentielles pour fixer des objectifs de croissance r\u00e9alistes, gagner la confiance des parties prenantes, allouer efficacement les ressources et n\u00e9gocier avec le conseil d'administration des budgets appropri\u00e9s pour l'acquisition de donateurs.<\/p><\/div><\/div>\t\t<\/div>\n\t\t\t\t<\/div>\n\t\t\t\t\t<\/div>\n\t\t<\/div>\n\t\t\t\t\t<\/div>\n\t\t<\/section>\n\t\t\t\t<section class=\"elementor-section elementor-inner-section elementor-element elementor-element-5f37b3f elementor-section-boxed elementor-section-height-default elementor-section-height-default\" data-id=\"5f37b3f\" data-element_type=\"section\">\n\t\t\t\t\t\t<div class=\"elementor-container elementor-column-gap-default\">\n\t\t\t\t\t<div class=\"elementor-column elementor-col-50 elementor-inner-column elementor-element elementor-element-70af010\" data-id=\"70af010\" data-element_type=\"column\">\n\t\t\t<div class=\"elementor-widget-wrap elementor-element-populated\">\n\t\t\t\t\t\t<div class=\"elementor-element elementor-element-3a95210 elementor-position-top elementor-widget elementor-widget-image-box\" data-id=\"3a95210\" data-element_type=\"widget\" data-widget_type=\"image-box.default\">\n\t\t\t\t<div class=\"elementor-widget-container\">\n\t\t\t<div class=\"elementor-image-box-wrapper\"><figure class=\"elementor-image-box-img\"><a href=\"https:\/\/www.decisivesystem.com\/fr\/solutions\/strategic-diagnostic\/monthly-donors\/\" tabindex=\"-1\"><img loading=\"lazy\" decoding=\"async\" width=\"120\" height=\"120\" src=\"https:\/\/www.decisivesystem.com\/wp-content\/uploads\/model_monthly.png\" class=\"attachment-full size-full wp-image-946\" alt=\"\" srcset=\"https:\/\/www.decisivesystem.com\/wp-content\/uploads\/model_monthly.png 120w, https:\/\/www.decisivesystem.com\/wp-content\/uploads\/model_monthly-12x12.png 12w\" sizes=\"(max-width: 120px) 100vw, 120px\" \/><\/a><\/figure><div class=\"elementor-image-box-content\"><h3 class=\"elementor-image-box-title\"><a href=\"https:\/\/www.decisivesystem.com\/fr\/solutions\/strategic-diagnostic\/monthly-donors\/\">Pr\u00e9l\u00e8vements automatiques<\/a><\/h3><p class=\"elementor-image-box-description\">Les donateurs mensuels sont essentiels pour les organisations caritatives, car ils offrent un financement stable qui soutient des projets \u00e0 long terme. Ce module analyse le d\u00e9fi et le co\u00fbt croissants de la conversion des donateurs ponctuels en soutiens r\u00e9guliers.<\/p><\/div><\/div>\t\t<\/div>\n\t\t\t\t<\/div>\n\t\t\t\t\t<\/div>\n\t\t<\/div>\n\t\t\t\t<div class=\"elementor-column elementor-col-50 elementor-inner-column elementor-element elementor-element-502bd37\" data-id=\"502bd37\" data-element_type=\"column\">\n\t\t\t<div class=\"elementor-widget-wrap elementor-element-populated\">\n\t\t\t\t\t\t<div class=\"elementor-element elementor-element-9183382 elementor-position-top elementor-widget elementor-widget-image-box\" data-id=\"9183382\" data-element_type=\"widget\" data-widget_type=\"image-box.default\">\n\t\t\t\t<div class=\"elementor-widget-container\">\n\t\t\t<div class=\"elementor-image-box-wrapper\"><figure class=\"elementor-image-box-img\"><a href=\"https:\/\/www.decisivesystem.com\/fr\/solutions\/strategic-diagnostic\/multi-channel\/\" tabindex=\"-1\"><img loading=\"lazy\" decoding=\"async\" width=\"120\" height=\"120\" src=\"https:\/\/www.decisivesystem.com\/wp-content\/uploads\/model_multichannel.png\" class=\"attachment-full size-full wp-image-950\" alt=\"\" srcset=\"https:\/\/www.decisivesystem.com\/wp-content\/uploads\/model_multichannel.png 120w, https:\/\/www.decisivesystem.com\/wp-content\/uploads\/model_multichannel-12x12.png 12w\" sizes=\"(max-width: 120px) 100vw, 120px\" \/><\/a><\/figure><div class=\"elementor-image-box-content\"><h3 class=\"elementor-image-box-title\"><a href=\"https:\/\/www.decisivesystem.com\/fr\/solutions\/strategic-diagnostic\/multi-channel\/\">Multi-canal<\/a><\/h3><p class=\"elementor-image-box-description\">L'optimisation de la collecte de fonds passe par le suivi des canaux de commercialisation utilis\u00e9s par les donateurs, ce qui permet d'orienter l'allocation strat\u00e9gique des ressources et l'adaptation du marketing. Cependant, il est difficile de comprendre le comportement des donateurs apr\u00e8s l'acquisition, comme la fid\u00e9lit\u00e9 au canal et la migration. <\/p><\/div><\/div>\t\t<\/div>\n\t\t\t\t<\/div>\n\t\t\t\t\t<\/div>\n\t\t<\/div>\n\t\t\t\t\t<\/div>\n\t\t<\/section>\n\t\t\t\t\t<\/div>\n\t\t<\/div>\n\t\t\t\t\t<\/div>\n\t\t<\/section>\n\t\t\t\t<section class=\"elementor-section elementor-top-section elementor-element elementor-element-45f032d elementor-section-boxed elementor-section-height-default elementor-section-height-default\" data-id=\"45f032d\" data-element_type=\"section\">\n\t\t\t\t\t\t<div class=\"elementor-container elementor-column-gap-default\">\n\t\t\t\t\t<div class=\"elementor-column elementor-col-100 elementor-top-column elementor-element elementor-element-6052c2a\" data-id=\"6052c2a\" data-element_type=\"column\">\n\t\t\t<div class=\"elementor-widget-wrap\">\n\t\t\t\t\t\t\t<\/div>\n\t\t<\/div>\n\t\t\t\t\t<\/div>\n\t\t<\/section>\n\t\t\t\t<\/div>","protected":false},"excerpt":{"rendered":"<p>Pouvoir affiner de mani\u00e8re ind\u00e9pendante la connaissance de notre base de donn\u00e9es quand nous en avons besoin et non pas 6 mois ou 1 an plus tard, c'est juste un R\u00caVE ! Francine Trocm\u00e9 Vitali, Fundraising Manager, Gustave Roussy Que ce soit en tant qu'offre autonome ou dans le cadre de notre mod\u00e8le d'abonnement (voir Decisive System 360\u00b0), une analyse de diagnostic strat\u00e9gique typique peut [...]<\/p>","protected":false},"author":1,"featured_media":0,"parent":171,"menu_order":2,"comment_status":"closed","ping_status":"closed","template":"","meta":{"footnotes":""},"class_list":["post-410","page","type-page","status-publish","hentry"],"_links":{"self":[{"href":"https:\/\/www.decisivesystem.com\/fr\/wp-json\/wp\/v2\/pages\/410","targetHints":{"allow":["GET"]}}],"collection":[{"href":"https:\/\/www.decisivesystem.com\/fr\/wp-json\/wp\/v2\/pages"}],"about":[{"href":"https:\/\/www.decisivesystem.com\/fr\/wp-json\/wp\/v2\/types\/page"}],"author":[{"embeddable":true,"href":"https:\/\/www.decisivesystem.com\/fr\/wp-json\/wp\/v2\/users\/1"}],"replies":[{"embeddable":true,"href":"https:\/\/www.decisivesystem.com\/fr\/wp-json\/wp\/v2\/comments?post=410"}],"version-history":[{"count":28,"href":"https:\/\/www.decisivesystem.com\/fr\/wp-json\/wp\/v2\/pages\/410\/revisions"}],"predecessor-version":[{"id":1332,"href":"https:\/\/www.decisivesystem.com\/fr\/wp-json\/wp\/v2\/pages\/410\/revisions\/1332"}],"up":[{"embeddable":true,"href":"https:\/\/www.decisivesystem.com\/fr\/wp-json\/wp\/v2\/pages\/171"}],"wp:attachment":[{"href":"https:\/\/www.decisivesystem.com\/fr\/wp-json\/wp\/v2\/media?parent=410"}],"curies":[{"name":"wp","href":"https:\/\/api.w.org\/{rel}","templated":true}]}}