{"id":173,"date":"2022-01-30T13:00:58","date_gmt":"2022-01-30T13:00:58","guid":{"rendered":"https:\/\/www.decisivesystem.com\/?page_id=173"},"modified":"2024-09-16T08:16:27","modified_gmt":"2024-09-16T08:16:27","slug":"dashboard","status":"publish","type":"page","link":"https:\/\/www.decisivesystem.com\/fr\/solutions\/dashboard\/","title":{"rendered":"Tableaux de bord"},"content":{"rendered":"<div data-elementor-type=\"wp-page\" data-elementor-id=\"173\" class=\"elementor elementor-173\" data-elementor-post-type=\"page\">\n\t\t\t\t\t\t<section class=\"elementor-section elementor-top-section elementor-element elementor-element-4bd7768 elementor-section-boxed elementor-section-height-default elementor-section-height-default\" data-id=\"4bd7768\" data-element_type=\"section\">\n\t\t\t\t\t\t<div class=\"elementor-container elementor-column-gap-default\">\n\t\t\t\t\t<div class=\"elementor-column elementor-col-100 elementor-top-column elementor-element elementor-element-1e1f428\" data-id=\"1e1f428\" data-element_type=\"column\">\n\t\t\t<div class=\"elementor-widget-wrap elementor-element-populated\">\n\t\t\t\t\t\t<div class=\"elementor-element elementor-element-96ed5e6 elementor-widget elementor-widget-image\" data-id=\"96ed5e6\" data-element_type=\"widget\" data-widget_type=\"image.default\">\n\t\t\t\t<div class=\"elementor-widget-container\">\n\t\t\t\t\t\t\t\t\t\t\t\t\t<img decoding=\"async\" width=\"120\" height=\"120\" src=\"https:\/\/www.decisivesystem.com\/wp-content\/uploads\/model_dashboard.png\" class=\"attachment-large size-large wp-image-784\" alt=\"\" srcset=\"https:\/\/www.decisivesystem.com\/wp-content\/uploads\/model_dashboard.png 120w, https:\/\/www.decisivesystem.com\/wp-content\/uploads\/model_dashboard-12x12.png 12w\" sizes=\"(max-width: 120px) 100vw, 120px\" \/>\t\t\t\t\t\t\t\t\t\t\t\t\t<\/div>\n\t\t\t\t<\/div>\n\t\t\t\t\t<\/div>\n\t\t<\/div>\n\t\t\t\t\t<\/div>\n\t\t<\/section>\n\t\t\t\t<section class=\"elementor-section elementor-top-section elementor-element elementor-element-22ced65 elementor-section-boxed elementor-section-height-default elementor-section-height-default\" data-id=\"22ced65\" data-element_type=\"section\">\n\t\t\t\t\t\t<div class=\"elementor-container elementor-column-gap-default\">\n\t\t\t\t\t<div class=\"elementor-column elementor-col-100 elementor-top-column elementor-element elementor-element-d4ca3c4\" data-id=\"d4ca3c4\" data-element_type=\"column\">\n\t\t\t<div class=\"elementor-widget-wrap elementor-element-populated\">\n\t\t\t\t\t\t<div class=\"elementor-element elementor-element-e696aaa elementor-widget elementor-widget-text-editor\" data-id=\"e696aaa\" data-element_type=\"widget\" data-widget_type=\"text-editor.default\">\n\t\t\t\t<div class=\"elementor-widget-container\">\n\t\t\t\t\t\t\t<p>Un suivi et des pr\u00e9visions pr\u00e9cis des r\u00e9sultats de la collecte de fonds permettent aux organisations caritatives d'\u00e9valuer l'efficacit\u00e9 de leurs programmes, de prendre des d\u00e9cisions \u00e9clair\u00e9es et d'ajuster rapidement leurs strat\u00e9gies pour atteindre leurs objectifs. Cette pr\u00e9voyance contribue \u00e0 une allocation efficace des ressources, garantissant que les fonds sont utilis\u00e9s l\u00e0 o\u00f9 ils sont les plus n\u00e9cessaires et les plus utiles.<\/p><p>En outre, il est essentiel de pouvoir mesurer o\u00f9 vous en \u00eates et de pr\u00e9voir o\u00f9 vous arriverez probablement d'ici la fin de l'ann\u00e9e pour maintenir la confiance avec votre conseil d'administration et \u00e9viter que les principales parties prenantes n'aient des attentes erron\u00e9es. Il est \u00e9galement essentiel de communiquer ces informations de mani\u00e8re simple et graphique.<\/p><p>Pourtant, nous savons tous que ce n'est pas aussi facile qu'il y para\u00eet.<\/p><p>L'un de nos modules les plus populaires, notre <strong>tableau de bord<\/strong>est mis \u00e0 jour pour vous \u00e0 chaque mise \u00e0 jour (qui peut \u00eatre hebdomadaire), avec des graphiques clairs et des pr\u00e9visions pr\u00e9cises sur les performances de votre organisation en mati\u00e8re de collecte de fonds d'ici la fin de l'ann\u00e9e fiscale.<\/p>\t\t\t\t\t\t<\/div>\n\t\t\t\t<\/div>\n\t\t\t\t\t<\/div>\n\t\t<\/div>\n\t\t\t\t\t<\/div>\n\t\t<\/section>\n\t\t\t\t<section class=\"elementor-section elementor-top-section elementor-element elementor-element-029851e elementor-section-boxed elementor-section-height-default elementor-section-height-default\" data-id=\"029851e\" data-element_type=\"section\">\n\t\t\t\t\t\t<div class=\"elementor-container elementor-column-gap-default\">\n\t\t\t\t\t<div class=\"elementor-column elementor-col-100 elementor-top-column elementor-element elementor-element-327b6d3\" data-id=\"327b6d3\" data-element_type=\"column\">\n\t\t\t<div class=\"elementor-widget-wrap elementor-element-populated\">\n\t\t\t\t\t\t<div class=\"elementor-element elementor-element-b8dfce1 elementor-widget elementor-widget-image\" data-id=\"b8dfce1\" data-element_type=\"widget\" data-widget_type=\"image.default\">\n\t\t\t\t<div class=\"elementor-widget-container\">\n\t\t\t\t\t\t\t\t\t\t\t\t\t<img fetchpriority=\"high\" decoding=\"async\" width=\"1260\" height=\"900\" src=\"https:\/\/www.decisivesystem.com\/wp-content\/uploads\/dashboard_gauges.png\" class=\"attachment-full size-full wp-image-782\" alt=\"\" srcset=\"https:\/\/www.decisivesystem.com\/wp-content\/uploads\/dashboard_gauges.png 1260w, https:\/\/www.decisivesystem.com\/wp-content\/uploads\/dashboard_gauges-300x214.png 300w, https:\/\/www.decisivesystem.com\/wp-content\/uploads\/dashboard_gauges-1024x731.png 1024w, https:\/\/www.decisivesystem.com\/wp-content\/uploads\/dashboard_gauges-768x549.png 768w, https:\/\/www.decisivesystem.com\/wp-content\/uploads\/dashboard_gauges-18x12.png 18w\" sizes=\"(max-width: 1260px) 100vw, 1260px\" \/>\t\t\t\t\t\t\t\t\t\t\t\t\t<\/div>\n\t\t\t\t<\/div>\n\t\t\t\t<div class=\"elementor-element elementor-element-f840cec elementor-widget elementor-widget-text-editor\" data-id=\"f840cec\" data-element_type=\"widget\" data-widget_type=\"text-editor.default\">\n\t\t\t\t<div class=\"elementor-widget-container\">\n\t\t\t\t\t\t\t<p>Nous incluons m\u00eame des analyses hebdomadaires, d\u00e9taillant votre situation actuelle et celle d'il y a un, deux ou trois ans, ce qui vous permet de voir en un coup d'\u0153il si vous \u00eates sur la bonne voie par rapport aux ann\u00e9es pr\u00e9c\u00e9dentes. Nos mod\u00e8les de pr\u00e9vision permettent \u00e9galement d'anticiper l'\u00e9volution de la trajectoire actuelle d'ici la fin de l'ann\u00e9e.<\/p>\t\t\t\t\t\t<\/div>\n\t\t\t\t<\/div>\n\t\t\t\t<div class=\"elementor-element elementor-element-5452429 elementor-widget elementor-widget-image\" data-id=\"5452429\" data-element_type=\"widget\" data-widget_type=\"image.default\">\n\t\t\t\t<div class=\"elementor-widget-container\">\n\t\t\t\t\t\t\t\t\t\t\t\t\t<img decoding=\"async\" width=\"1260\" height=\"900\" src=\"https:\/\/www.decisivesystem.com\/wp-content\/uploads\/dashboard_weekly.png\" class=\"attachment-full size-full wp-image-781\" alt=\"\" srcset=\"https:\/\/www.decisivesystem.com\/wp-content\/uploads\/dashboard_weekly.png 1260w, https:\/\/www.decisivesystem.com\/wp-content\/uploads\/dashboard_weekly-300x214.png 300w, https:\/\/www.decisivesystem.com\/wp-content\/uploads\/dashboard_weekly-1024x731.png 1024w, https:\/\/www.decisivesystem.com\/wp-content\/uploads\/dashboard_weekly-768x549.png 768w, https:\/\/www.decisivesystem.com\/wp-content\/uploads\/dashboard_weekly-18x12.png 18w\" sizes=\"(max-width: 1260px) 100vw, 1260px\" \/>\t\t\t\t\t\t\t\t\t\t\t\t\t<\/div>\n\t\t\t\t<\/div>\n\t\t\t\t\t<\/div>\n\t\t<\/div>\n\t\t\t\t\t<\/div>\n\t\t<\/section>\n\t\t\t\t<\/div>","protected":false},"excerpt":{"rendered":"<p>Un suivi et des pr\u00e9visions pr\u00e9cis des r\u00e9sultats de la collecte de fonds permettent aux organisations caritatives d'\u00e9valuer l'efficacit\u00e9 de leurs programmes, de prendre des d\u00e9cisions \u00e9clair\u00e9es et d'ajuster rapidement leurs strat\u00e9gies pour atteindre leurs objectifs. Cette pr\u00e9voyance contribue \u00e0 une allocation efficace des ressources, garantissant que les fonds sont utilis\u00e9s l\u00e0 o\u00f9 ils sont les plus n\u00e9cessaires et les plus utiles. En outre, le fait de pouvoir mesurer o\u00f9 vous en \u00eates et de pr\u00e9voir [...]<\/p>","protected":false},"author":1,"featured_media":0,"parent":171,"menu_order":1,"comment_status":"closed","ping_status":"closed","template":"","meta":{"footnotes":""},"class_list":["post-173","page","type-page","status-publish","hentry"],"_links":{"self":[{"href":"https:\/\/www.decisivesystem.com\/fr\/wp-json\/wp\/v2\/pages\/173","targetHints":{"allow":["GET"]}}],"collection":[{"href":"https:\/\/www.decisivesystem.com\/fr\/wp-json\/wp\/v2\/pages"}],"about":[{"href":"https:\/\/www.decisivesystem.com\/fr\/wp-json\/wp\/v2\/types\/page"}],"author":[{"embeddable":true,"href":"https:\/\/www.decisivesystem.com\/fr\/wp-json\/wp\/v2\/users\/1"}],"replies":[{"embeddable":true,"href":"https:\/\/www.decisivesystem.com\/fr\/wp-json\/wp\/v2\/comments?post=173"}],"version-history":[{"count":20,"href":"https:\/\/www.decisivesystem.com\/fr\/wp-json\/wp\/v2\/pages\/173\/revisions"}],"predecessor-version":[{"id":1323,"href":"https:\/\/www.decisivesystem.com\/fr\/wp-json\/wp\/v2\/pages\/173\/revisions\/1323"}],"up":[{"embeddable":true,"href":"https:\/\/www.decisivesystem.com\/fr\/wp-json\/wp\/v2\/pages\/171"}],"wp:attachment":[{"href":"https:\/\/www.decisivesystem.com\/fr\/wp-json\/wp\/v2\/media?parent=173"}],"curies":[{"name":"wp","href":"https:\/\/api.w.org\/{rel}","templated":true}]}}